{"id":6256,"date":"2024-07-12T13:59:41","date_gmt":"2024-07-12T10:59:41","guid":{"rendered":"https:\/\/ai24h7.com\/?page_id=6256"},"modified":"2024-07-13T16:43:22","modified_gmt":"2024-07-13T13:43:22","slug":"website-installation-in-48-hours","status":"publish","type":"page","link":"https:\/\/ai24h7.com\/pt-br\/website-installation-in-48-hours\/","title":{"rendered":"Instala\u00e7\u00e3o do site em 48 horas"},"content":{"rendered":"<p><div class=\"fusion-fullwidth fullwidth-box fusion-builder-row-1 fusion-flex-container has-pattern-background has-mask-background nonhundred-percent-fullwidth non-hundred-percent-height-scrolling\" style=\"--awb-border-radius-top-left:0px;--awb-border-radius-top-right:0px;--awb-border-radius-bottom-right:0px;--awb-border-radius-bottom-left:0px;--awb-margin-top:10px;--awb-flex-wrap:wrap;\" ><div class=\"fusion-builder-row fusion-row fusion-flex-align-items-flex-start fusion-flex-content-wrap\" style=\"max-width:1372.8px;margin-left: calc(-4% \/ 2 );margin-right: calc(-4% \/ 2 );\"><div class=\"fusion-layout-column fusion_builder_column fusion-builder-column-0 fusion_builder_column_1_2 1_2 fusion-flex-column\" style=\"--awb-bg-size:cover;--awb-width-large:50%;--awb-margin-top-large:0px;--awb-spacing-right-large:3.84%;--awb-margin-bottom-large:0px;--awb-spacing-left-large:3.84%;--awb-width-medium:50%;--awb-order-medium:0;--awb-spacing-right-medium:3.84%;--awb-spacing-left-medium:3.84%;--awb-width-small:100%;--awb-order-small:0;--awb-spacing-right-small:1.92%;--awb-spacing-left-small:1.92%;\"><div class=\"fusion-column-wrapper fusion-column-has-shadow fusion-flex-justify-content-flex-start fusion-content-layout-column\"><div class=\"fusion-title title fusion-title-1 fusion-sep-none fusion-title-text fusion-title-size-two\" style=\"--awb-margin-top:0px;\"><h2 class=\"fusion-title-heading title-heading-left\" style=\"margin:0;text-transform:none;\">Instala\u00e7\u00e3o em 48 horas:<br \/>\n500 \u20ac &#8211; O que est\u00e1 inclu\u00eddo?<\/h2><\/div><\/div><\/div><div class=\"fusion-layout-column fusion_builder_column fusion-builder-column-1 fusion_builder_column_1_2 1_2 fusion-flex-column\" style=\"--awb-padding-top:10px;--awb-padding-right:60px;--awb-padding-top-small:40px;--awb-bg-size:cover;--awb-width-large:50%;--awb-margin-top-large:0px;--awb-spacing-right-large:3.84%;--awb-margin-bottom-large:0px;--awb-spacing-left-large:3.84%;--awb-width-medium:50%;--awb-order-medium:0;--awb-spacing-right-medium:3.84%;--awb-spacing-left-medium:3.84%;--awb-width-small:100%;--awb-order-small:0;--awb-spacing-right-small:1.92%;--awb-spacing-left-small:1.92%;\" data-scroll-devices=\"small-visibility,medium-visibility,large-visibility\"><div class=\"fusion-column-wrapper fusion-column-has-shadow fusion-flex-justify-content-flex-start fusion-content-layout-column\"><div class=\"fusion-text fusion-text-1\" style=\"--awb-font-size:var(--awb-typography2-font-size);--awb-line-height:var(--awb-typography2-line-height);--awb-letter-spacing:var(--awb-typography2-letter-spacing);--awb-text-transform:var(--awb-typography2-text-transform);--awb-text-font-family:var(--awb-typography2-font-family);--awb-text-font-weight:var(--awb-typography2-font-weight);--awb-text-font-style:var(--awb-typography2-font-style);\"><p>Voc\u00ea receber\u00e1 um site totalmente funcional em 48 horas ap\u00f3s o pagamento e a configura\u00e7\u00e3o do registro DNS para o seu dom\u00ednio.<\/p>\n<\/div><div class=\"fusion-separator\" style=\"align-self: flex-start;margin-right:auto;margin-top:10px;width:100%;max-width:100px;\"><div class=\"fusion-separator-border sep-single sep-dotted\" style=\"--awb-height:20px;--awb-amount:20px;--awb-sep-color:var(--awb-color4);border-color:var(--awb-color4);border-top-width:1px;\"><\/div><\/div><\/div><\/div><\/div><\/div><div class=\"fusion-fullwidth fullwidth-box fusion-builder-row-2 fusion-flex-container has-pattern-background has-mask-background nonhundred-percent-fullwidth non-hundred-percent-height-scrolling\" style=\"--awb-border-radius-top-left:0px;--awb-border-radius-top-right:0px;--awb-border-radius-bottom-right:0px;--awb-border-radius-bottom-left:0px;--awb-margin-top:80px;--awb-margin-bottom:60px;--awb-flex-wrap:wrap;\" ><div class=\"fusion-builder-row fusion-row fusion-flex-align-items-flex-start fusion-flex-content-wrap\" style=\"max-width:1372.8px;margin-left: calc(-4% \/ 2 );margin-right: calc(-4% \/ 2 );\"><div class=\"fusion-layout-column fusion_builder_column fusion-builder-column-2 fusion_builder_column_1_1 1_1 fusion-flex-column\" style=\"--awb-bg-size:cover;--awb-width-large:100%;--awb-margin-top-large:0px;--awb-spacing-right-large:1.92%;--awb-margin-bottom-large:0px;--awb-spacing-left-large:1.92%;--awb-width-medium:100%;--awb-order-medium:0;--awb-spacing-right-medium:1.92%;--awb-spacing-left-medium:1.92%;--awb-width-small:100%;--awb-order-small:0;--awb-spacing-right-small:1.92%;--awb-spacing-left-small:1.92%;\"><div class=\"fusion-column-wrapper fusion-column-has-shadow fusion-flex-justify-content-flex-start fusion-content-layout-column\"><div class=\"fusion-title title fusion-title-2 fusion-sep-none fusion-title-center fusion-title-text fusion-title-size-four\" style=\"--awb-margin-top:20px;\"><h4 class=\"fusion-title-heading title-heading-center\" style=\"margin:0;text-transform:none;\">O pacote b\u00e1sico de cria\u00e7\u00e3o e instala\u00e7\u00e3o de sites inclui:<\/h4><\/div><div class=\"fusion-text fusion-text-2\"><p>\u00bb Consultoria para configura\u00e7\u00e3o dos registros DNS no painel de controle do seu dom\u00ednio;<br \/>\n\u00bb Registro de nome de dom\u00ednio no servidor (tamb\u00e9m podemos comprar e registrar o nome de dom\u00ednio para voc\u00ea, se desejar);<br \/>\n\u00bb Instala\u00e7\u00e3o do CMS WordPress no idioma especificado no servidor;<br \/>\n\u00bb Registro de at\u00e9 5 contas de email com o nome do seu site, como info@seusite.com;<br \/>\n\u00bb 5 GB de espa\u00e7o no servidor gratuito no primeiro ano (economia de 50 \u20ac);<br \/>\n\u00bb Instala\u00e7\u00e3o de um Certificado SSL no site (economia de $20\/ano) para uma conex\u00e3o segura com o servidor;<br \/>\n\u00bb Instala\u00e7\u00e3o do tema Avada WordPress com licen\u00e7a vital\u00edcia (economia de $69) e 120 modelos pr\u00e9-instalados para design profissional de sites que atendem a todos os requisitos modernos de mecanismos de busca, com atualiza\u00e7\u00f5es gratuitas para novas vers\u00f5es do WordPress;<br \/>\n\u00bb Acesso gratuito (economia de pelo menos $50) ao banco de imagens do store24h7.com para uso nas p\u00e1ginas do site;<br \/>\n\u00bb Instala\u00e7\u00e3o do plugin licenciado WPML (economia de 99 \u20ac\/ano). WPML \u00e9 um plugin multil\u00edngue profissional com licen\u00e7a vital\u00edcia para criar diferentes vers\u00f5es lingu\u00edsticas do site ou loja online (se necess\u00e1rio);<br \/>\n\u00bb Instala\u00e7\u00e3o do WooCommerce (para lojas online &#8211; opcional) no site;<br \/>\n\u00bb Altera\u00e7\u00e3o da paleta de cores do site para corresponder ao estilo corporativo do cliente;<br \/>\n\u00bb Preenchimento de conte\u00fado para at\u00e9 5 p\u00e1ginas com texto e imagens;<br \/>\n\u00bb Instala\u00e7\u00e3o e ativa\u00e7\u00e3o de c\u00f3digos de acesso do Google Maps;<br \/>\n\u00bb Instala\u00e7\u00e3o e ativa\u00e7\u00e3o de c\u00f3digos de acesso do Google ReCaptcha para formul\u00e1rios de contato;<br \/>\n\u00bb Capacidade de adicionar um n\u00famero ilimitado de p\u00e1ginas;<br \/>\n\u00bb Configura\u00e7\u00e3o de menu multin\u00edvel;<br \/>\n\u00bb Instala\u00e7\u00e3o de formul\u00e1rio de contato;<br \/>\n\u00bb Instala\u00e7\u00e3o de modelo de galeria de fotos;<br \/>\n\u00bb Instala\u00e7\u00e3o de modelo de galeria de v\u00eddeos;<br \/>\n\u00bb Instala\u00e7\u00e3o de modelo de slider para a p\u00e1gina inicial;<br \/>\n\u00bb Inser\u00e7\u00e3o de todos os dados da empresa do cliente no site;<br \/>\n\u00bb Para lojas online &#8211; conex\u00e3o e configura\u00e7\u00e3o de sistemas de pagamento para aceitar pagamentos de clientes dentro de 3 dias ap\u00f3s a instala\u00e7\u00e3o do site;<br \/>\n\u00bb Plugin ADA (obrigat\u00f3rio para empresas que trabalham com clientes nos EUA);<br \/>\n\u00bb Plugin GDPR (obrigat\u00f3rio para empresas que trabalham com clientes na UE);<br \/>\n\u00bb Instala\u00e7\u00e3o e ativa\u00e7\u00e3o do plugin All in One SEO para maior otimiza\u00e7\u00e3o independente do site e promo\u00e7\u00e3o nos mecanismos de busca;<br \/>\n\u00bb Instala\u00e7\u00e3o de elementos ativos de gera\u00e7\u00e3o de leads no site;<br \/>\n\u00bb Um ano de hospedagem gratuita;<br \/>\n\u00bb Vers\u00e3o m\u00f3vel totalmente responsiva do site para todos os dispositivos m\u00f3veis (iOS, Android);<br \/>\n\u00bb Otimiza\u00e7\u00e3o b\u00e1sica de velocidade do site (melhorando o desempenho do site para melhores classifica\u00e7\u00f5es nos mecanismos de busca e experi\u00eancia do usu\u00e1rio);<br \/>\n\u00bb Integra\u00e7\u00e3o com redes sociais (configura\u00e7\u00e3o de bot\u00f5es e widgets para Facebook, Instagram, Twitter e outras redes sociais);<br \/>\n\u00bb Suporte e manuten\u00e7\u00e3o (1 m\u00eas de suporte t\u00e9cnico e consultoria gratuitos);<br \/>\n\u00bb An\u00e1lise b\u00e1sica (instala\u00e7\u00e3o de um plugin para Google Analytics para rastrear tr\u00e1fego e comportamento dos usu\u00e1rios no site);<br \/>\n\u00bb Instala\u00e7\u00e3o e configura\u00e7\u00e3o de uma p\u00e1gina de blog (para publica\u00e7\u00e3o de not\u00edcias, artigos e conte\u00fado para promo\u00e7\u00e3o de SEO);<br \/>\n\u00bb Acesso administrativo completo ao painel de controle do site;<br \/>\n\u00bb Documenta\u00e7\u00e3o t\u00e9cnica detalhada (tutoriais em v\u00eddeo e texto) para edi\u00e7\u00e3o e adi\u00e7\u00e3o de conte\u00fado de forma independente em ingl\u00eas.<\/p>\n<\/div><div class=\"fusion-text fusion-text-3\"><blockquote>\n<p>Oferecemos mais de 100 op\u00e7\u00f5es de design para diferentes tipos de sites &#8211; desde um site de uma p\u00e1gina para um freelancer ou influenciador at\u00e9 um portal corporativo de v\u00e1rias p\u00e1ginas, bem como mais de 20 op\u00e7\u00f5es de design para lojas on-line.<br \/>\nE tenha certeza! &#8211; Isso est\u00e1 inclu\u00eddo na taxa de instala\u00e7\u00e3o de 500 euros!<\/p>\n<\/blockquote>\n<\/div><\/div><\/div><\/div><\/div><div class=\"fusion-fullwidth fullwidth-box fusion-builder-row-3 fusion-flex-container has-pattern-background has-mask-background hundred-percent-fullwidth non-hundred-percent-height-scrolling\" style=\"--awb-border-radius-top-left:0px;--awb-border-radius-top-right:0px;--awb-border-radius-bottom-right:0px;--awb-border-radius-bottom-left:0px;--awb-padding-right:0px;--awb-padding-left:0px;--awb-flex-wrap:wrap;\" ><div class=\"fusion-builder-row fusion-row fusion-flex-align-items-flex-start fusion-flex-content-wrap\" style=\"width:104% !important;max-width:104% !important;margin-left: calc(-4% \/ 2 );margin-right: calc(-4% \/ 2 );\"><div class=\"fusion-layout-column fusion_builder_column fusion-builder-column-3 fusion_builder_column_1_1 1_1 fusion-flex-column\" style=\"--awb-bg-size:cover;--awb-width-large:100%;--awb-margin-top-large:0px;--awb-spacing-right-large:1.92%;--awb-margin-bottom-large:20px;--awb-spacing-left-large:1.92%;--awb-width-medium:100%;--awb-order-medium:0;--awb-spacing-right-medium:1.92%;--awb-spacing-left-medium:1.92%;--awb-width-small:100%;--awb-order-small:0;--awb-spacing-right-small:1.92%;--awb-spacing-left-small:1.92%;\" data-scroll-devices=\"small-visibility,medium-visibility,large-visibility\"><div class=\"fusion-column-wrapper fusion-column-has-shadow fusion-flex-justify-content-flex-start fusion-content-layout-column\"><div class=\"fusion-image-element \" style=\"--awb-margin-right:0px;--awb-margin-left:0px;--awb-caption-title-font-family:var(--h2_typography-font-family);--awb-caption-title-font-weight:var(--h2_typography-font-weight);--awb-caption-title-font-style:var(--h2_typography-font-style);--awb-caption-title-size:var(--h2_typography-font-size);--awb-caption-title-transform:var(--h2_typography-text-transform);--awb-caption-title-line-height:var(--h2_typography-line-height);--awb-caption-title-letter-spacing:var(--h2_typography-letter-spacing);\"><span class=\" fusion-imageframe imageframe-none imageframe-1 hover-type-none\"><a class=\"fusion-no-lightbox\" href=\"\/pt-br\/contact-us\/\" target=\"_self\" aria-label=\"start\"><img decoding=\"async\" width=\"1900\" height=\"457\" alt=\"Start!\" src=\"https:\/\/ai24h7.com\/wp-content\/uploads\/2024\/07\/start.webp\" data-orig-src=\"https:\/\/ai24h7.com\/wp-content\/uploads\/2024\/07\/start.webp\" class=\"lazyload img-responsive wp-image-6201\" srcset=\"data:image\/svg+xml,%3Csvg%20xmlns%3D%27http%3A%2F%2Fwww.w3.org%2F2000%2Fsvg%27%20width%3D%271900%27%20height%3D%27457%27%20viewBox%3D%270%200%201900%20457%27%3E%3Crect%20width%3D%271900%27%20height%3D%27457%27%20fill-opacity%3D%220%22%2F%3E%3C%2Fsvg%3E\" data-srcset=\"https:\/\/ai24h7.com\/wp-content\/uploads\/2024\/07\/start-200x48.webp 200w, https:\/\/ai24h7.com\/wp-content\/uploads\/2024\/07\/start-300x72.webp 300w, https:\/\/ai24h7.com\/wp-content\/uploads\/2024\/07\/start-400x96.webp 400w, https:\/\/ai24h7.com\/wp-content\/uploads\/2024\/07\/start-600x144.webp 600w, https:\/\/ai24h7.com\/wp-content\/uploads\/2024\/07\/start-768x185.webp 768w, https:\/\/ai24h7.com\/wp-content\/uploads\/2024\/07\/start-800x192.webp 800w, https:\/\/ai24h7.com\/wp-content\/uploads\/2024\/07\/start-1024x246.webp 1024w, https:\/\/ai24h7.com\/wp-content\/uploads\/2024\/07\/start-1200x289.webp 1200w, https:\/\/ai24h7.com\/wp-content\/uploads\/2024\/07\/start-1536x369.webp 1536w, https:\/\/ai24h7.com\/wp-content\/uploads\/2024\/07\/start.webp 1900w\" data-sizes=\"auto\" data-orig-sizes=\"(max-width: 850px) 100vw, 1900px\" \/><\/a><\/span><\/div><\/div><\/div><\/div><\/div><\/p>\n","protected":false},"excerpt":{"rendered":"","protected":false},"author":3,"featured_media":6176,"parent":0,"menu_order":0,"comment_status":"closed","ping_status":"closed","template":"100-width.php","meta":{"footnotes":""},"class_list":["post-6256","page","type-page","status-publish","has-post-thumbnail","hentry"],"_links":{"self":[{"href":"https:\/\/ai24h7.com\/pt-br\/wp-json\/wp\/v2\/pages\/6256","targetHints":{"allow":["GET"]}}],"collection":[{"href":"https:\/\/ai24h7.com\/pt-br\/wp-json\/wp\/v2\/pages"}],"about":[{"href":"https:\/\/ai24h7.com\/pt-br\/wp-json\/wp\/v2\/types\/page"}],"author":[{"embeddable":true,"href":"https:\/\/ai24h7.com\/pt-br\/wp-json\/wp\/v2\/users\/3"}],"replies":[{"embeddable":true,"href":"https:\/\/ai24h7.com\/pt-br\/wp-json\/wp\/v2\/comments?post=6256"}],"version-history":[{"count":3,"href":"https:\/\/ai24h7.com\/pt-br\/wp-json\/wp\/v2\/pages\/6256\/revisions"}],"predecessor-version":[{"id":6259,"href":"https:\/\/ai24h7.com\/pt-br\/wp-json\/wp\/v2\/pages\/6256\/revisions\/6259"}],"wp:featuredmedia":[{"embeddable":true,"href":"https:\/\/ai24h7.com\/pt-br\/wp-json\/wp\/v2\/media\/6176"}],"wp:attachment":[{"href":"https:\/\/ai24h7.com\/pt-br\/wp-json\/wp\/v2\/media?parent=6256"}],"curies":[{"name":"wp","href":"https:\/\/api.w.org\/{rel}","templated":true}]}}