{"id":6249,"date":"2024-07-12T13:59:41","date_gmt":"2024-07-12T10:59:41","guid":{"rendered":"https:\/\/ai24h7.com\/?page_id=6249"},"modified":"2024-07-13T16:25:41","modified_gmt":"2024-07-13T13:25:41","slug":"website-installation-in-48-hours","status":"publish","type":"page","link":"https:\/\/ai24h7.com\/no\/website-installation-in-48-hours\/","title":{"rendered":"Installasjon av nettstedet p\u00e5 48 timer"},"content":{"rendered":"<p><div class=\"fusion-fullwidth fullwidth-box fusion-builder-row-1 fusion-flex-container has-pattern-background has-mask-background nonhundred-percent-fullwidth non-hundred-percent-height-scrolling\" style=\"--awb-border-radius-top-left:0px;--awb-border-radius-top-right:0px;--awb-border-radius-bottom-right:0px;--awb-border-radius-bottom-left:0px;--awb-margin-top:10px;--awb-flex-wrap:wrap;\" ><div class=\"fusion-builder-row fusion-row fusion-flex-align-items-flex-start fusion-flex-content-wrap\" style=\"max-width:1372.8px;margin-left: calc(-4% \/ 2 );margin-right: calc(-4% \/ 2 );\"><div class=\"fusion-layout-column fusion_builder_column fusion-builder-column-0 fusion_builder_column_1_2 1_2 fusion-flex-column\" style=\"--awb-bg-size:cover;--awb-width-large:50%;--awb-margin-top-large:0px;--awb-spacing-right-large:3.84%;--awb-margin-bottom-large:0px;--awb-spacing-left-large:3.84%;--awb-width-medium:50%;--awb-order-medium:0;--awb-spacing-right-medium:3.84%;--awb-spacing-left-medium:3.84%;--awb-width-small:100%;--awb-order-small:0;--awb-spacing-right-small:1.92%;--awb-spacing-left-small:1.92%;\"><div class=\"fusion-column-wrapper fusion-column-has-shadow fusion-flex-justify-content-flex-start fusion-content-layout-column\"><div class=\"fusion-title title fusion-title-1 fusion-sep-none fusion-title-text fusion-title-size-two\" style=\"--awb-margin-top:0px;\"><h2 class=\"fusion-title-heading title-heading-left\" style=\"margin:0;text-transform:none;\">Installasjon i l\u00f8pet av 48 timer:<br \/>\n500 \u20ac &#8211; Hva er inkludert?<\/h2><\/div><\/div><\/div><div class=\"fusion-layout-column fusion_builder_column fusion-builder-column-1 fusion_builder_column_1_2 1_2 fusion-flex-column\" style=\"--awb-padding-top:10px;--awb-padding-right:60px;--awb-padding-top-small:40px;--awb-bg-size:cover;--awb-width-large:50%;--awb-margin-top-large:0px;--awb-spacing-right-large:3.84%;--awb-margin-bottom-large:0px;--awb-spacing-left-large:3.84%;--awb-width-medium:50%;--awb-order-medium:0;--awb-spacing-right-medium:3.84%;--awb-spacing-left-medium:3.84%;--awb-width-small:100%;--awb-order-small:0;--awb-spacing-right-small:1.92%;--awb-spacing-left-small:1.92%;\" data-scroll-devices=\"small-visibility,medium-visibility,large-visibility\"><div class=\"fusion-column-wrapper fusion-column-has-shadow fusion-flex-justify-content-flex-start fusion-content-layout-column\"><div class=\"fusion-text fusion-text-1\" style=\"--awb-font-size:var(--awb-typography2-font-size);--awb-line-height:var(--awb-typography2-line-height);--awb-letter-spacing:var(--awb-typography2-letter-spacing);--awb-text-transform:var(--awb-typography2-text-transform);--awb-text-font-family:var(--awb-typography2-font-family);--awb-text-font-weight:var(--awb-typography2-font-weight);--awb-text-font-style:var(--awb-typography2-font-style);\"><p>Du vil motta et fullt funksjonelt nettsted innen 48 timer etter betaling og oppsett av DNS-post for domenet ditt.<\/p>\n<\/div><div class=\"fusion-separator\" style=\"align-self: flex-start;margin-right:auto;margin-top:10px;width:100%;max-width:100px;\"><div class=\"fusion-separator-border sep-single sep-dotted\" style=\"--awb-height:20px;--awb-amount:20px;--awb-sep-color:var(--awb-color4);border-color:var(--awb-color4);border-top-width:1px;\"><\/div><\/div><\/div><\/div><\/div><\/div><div class=\"fusion-fullwidth fullwidth-box fusion-builder-row-2 fusion-flex-container has-pattern-background has-mask-background nonhundred-percent-fullwidth non-hundred-percent-height-scrolling\" style=\"--awb-border-radius-top-left:0px;--awb-border-radius-top-right:0px;--awb-border-radius-bottom-right:0px;--awb-border-radius-bottom-left:0px;--awb-margin-top:80px;--awb-margin-bottom:60px;--awb-flex-wrap:wrap;\" ><div class=\"fusion-builder-row fusion-row fusion-flex-align-items-flex-start fusion-flex-content-wrap\" style=\"max-width:1372.8px;margin-left: calc(-4% \/ 2 );margin-right: calc(-4% \/ 2 );\"><div class=\"fusion-layout-column fusion_builder_column fusion-builder-column-2 fusion_builder_column_1_1 1_1 fusion-flex-column\" style=\"--awb-bg-size:cover;--awb-width-large:100%;--awb-margin-top-large:0px;--awb-spacing-right-large:1.92%;--awb-margin-bottom-large:0px;--awb-spacing-left-large:1.92%;--awb-width-medium:100%;--awb-order-medium:0;--awb-spacing-right-medium:1.92%;--awb-spacing-left-medium:1.92%;--awb-width-small:100%;--awb-order-small:0;--awb-spacing-right-small:1.92%;--awb-spacing-left-small:1.92%;\"><div class=\"fusion-column-wrapper fusion-column-has-shadow fusion-flex-justify-content-flex-start fusion-content-layout-column\"><div class=\"fusion-title title fusion-title-2 fusion-sep-none fusion-title-center fusion-title-text fusion-title-size-four\" style=\"--awb-margin-top:20px;\"><h4 class=\"fusion-title-heading title-heading-center\" style=\"margin:0;text-transform:none;\">Den grunnleggende pakken for oppretting og installasjon av nettstedet inkluderer:<\/h4><\/div><div class=\"fusion-text fusion-text-2\"><p>\u00bb Konsultasjon om oppsett av DNS-oppf\u00f8ringer i ditt domene kontrollpanel;<br \/>\n\u00bb Domenenavnregistrering p\u00e5 serveren (vi kan ogs\u00e5 kj\u00f8pe og registrere domenenavnet for deg om \u00f8nskelig);<br \/>\n\u00bb Installasjon av WordPress CMS p\u00e5 angitt spr\u00e5k p\u00e5 serveren;<br \/>\n\u00bb Registrering av opptil 5 e-postkontoer med navnet p\u00e5 ditt nettsted, for eksempel info@dittnettsted.com;<br \/>\n\u00bb Gratis 5 GB serverplass for det f\u00f8rste \u00e5ret (sparer 50 \u20ac);<br \/>\n\u00bb Installasjon av et SSL-sertifikat p\u00e5 nettstedet (sparer $20\/\u00e5r) for en sikker tilkobling til serveren;<br \/>\n\u00bb Installasjon av Avada WordPress-temaet med livstidslisens (sparer $69) og 120 forh\u00e5ndsinstallerte maler for profesjonelt nettsteddesign som oppfyller alle moderne s\u00f8kemotor krav, med gratis oppdateringer til nye WordPress-versjoner;<br \/>\n\u00bb Gratis tilgang (sparer minst $50) til store24h7.coms bildedatabase for bruk p\u00e5 nettsidens sider;<br \/>\n\u00bb Installasjon av den lisensierte WPML-pluginen (sparer 99 \u20ac\/\u00e5r). WPML er en profesjonell flerspr\u00e5klig plugin med livstidslisens for \u00e5 lage forskjellige spr\u00e5kversjoner av nettstedet eller nettbutikken (om n\u00f8dvendig);<br \/>\n\u00bb Installasjon av WooCommerce (for nettbutikker &#8211; valgfritt) p\u00e5 nettstedet;<br \/>\n\u00bb Endring av fargepaletten p\u00e5 nettstedet for \u00e5 matche kundens bedriftsstil;<br \/>\n\u00bb Fylling av innhold for opptil 5 sider med tekst og bilder;<br \/>\n\u00bb Installasjon og aktivering av Google Maps-tilgangskoder;<br \/>\n\u00bb Installasjon og aktivering av Google ReCaptcha-tilgangskoder for kontaktskjemaer;<br \/>\n\u00bb Mulighet til \u00e5 legge til et ubegrenset antall sider;<br \/>\n\u00bb Oppsett av flerniv\u00e5meny;<br \/>\n\u00bb Installasjon av kontaktskjema;<br \/>\n\u00bb Installasjon av fotogalleri-mal;<br \/>\n\u00bb Installasjon av videogalleri-mal;<br \/>\n\u00bb Installasjon av slider-mal for hjemmesiden;<br \/>\n\u00bb Innlegging av alle kundens firmadata p\u00e5 nettstedet;<br \/>\n\u00bb For nettbutikker &#8211; tilkobling og oppsett av betalingssystemer for \u00e5 motta betalinger fra kunder innen 3 dager etter nettsideinstallasjon;<br \/>\n\u00bb ADA-plugin (obligatorisk for selskaper som jobber med kunder i USA);<br \/>\n\u00bb GDPR-plugin (obligatorisk for selskaper som jobber med kunder i EU);<br \/>\n\u00bb Installasjon og aktivering av All in One SEO-plugin for videre uavhengig optimalisering av nettstedet og s\u00f8kemotorfremming;<br \/>\n\u00bb Installasjon av aktive leadgenereringselementer p\u00e5 nettstedet;<br \/>\n\u00bb Ett \u00e5r med gratis hosting;<br \/>\n\u00bb Fullt responsiv mobilversjon av nettstedet for alle mobile enheter (iOS, Android);<br \/>\n\u00bb Grunnleggende hastighetsoptimalisering av nettstedet (forbedring av nettstedets ytelse for bedre s\u00f8kemotorrangeringer og brukeropplevelse);<br \/>\n\u00bb Integrasjon med sosiale medier (oppsett av knapper og widgets for Facebook, Instagram, Twitter og andre sosiale nettverk);<br \/>\n\u00bb St\u00f8tte og vedlikehold (1 m\u00e5ned gratis teknisk st\u00f8tte og r\u00e5dgivning);<br \/>\n\u00bb Grunnleggende analyse (installasjon av en plugin for Google Analytics for \u00e5 spore trafikk og brukeradferd p\u00e5 nettstedet);<br \/>\n\u00bb Installasjon og oppsett av en bloggside (for publisering av nyheter, artikler og innhold for SEO-fremming);<br \/>\n\u00bb Full administrator tilgang til nettstedets kontrollpanel;<br \/>\n\u00bb Detaljert teknisk dokumentasjon (video- og tekstveiledninger) for uavhengig redigering og tillegg av innhold p\u00e5 engelsk.<\/p>\n<\/div><div class=\"fusion-text fusion-text-3\"><blockquote>\n<p>Vi tilbyr over 100 designalternativer for ulike typer nettsteder &#8211; fra en nettside for en frilanser eller influencer til en flersidig bedriftsportal, i tillegg til over 20 designalternativer for nettbutikker.<br \/>\nOg v\u00e6r sikker! &#8211; Det er inkludert i oppstartsavgiften p\u00e5 500 \u20ac!<\/p>\n<\/blockquote>\n<\/div><\/div><\/div><\/div><\/div><div class=\"fusion-fullwidth fullwidth-box fusion-builder-row-3 fusion-flex-container has-pattern-background has-mask-background hundred-percent-fullwidth non-hundred-percent-height-scrolling\" style=\"--awb-border-radius-top-left:0px;--awb-border-radius-top-right:0px;--awb-border-radius-bottom-right:0px;--awb-border-radius-bottom-left:0px;--awb-padding-right:0px;--awb-padding-left:0px;--awb-flex-wrap:wrap;\" ><div class=\"fusion-builder-row fusion-row fusion-flex-align-items-flex-start fusion-flex-content-wrap\" style=\"width:104% !important;max-width:104% !important;margin-left: calc(-4% \/ 2 );margin-right: calc(-4% \/ 2 );\"><div class=\"fusion-layout-column fusion_builder_column fusion-builder-column-3 fusion_builder_column_1_1 1_1 fusion-flex-column\" style=\"--awb-bg-size:cover;--awb-width-large:100%;--awb-margin-top-large:0px;--awb-spacing-right-large:1.92%;--awb-margin-bottom-large:20px;--awb-spacing-left-large:1.92%;--awb-width-medium:100%;--awb-order-medium:0;--awb-spacing-right-medium:1.92%;--awb-spacing-left-medium:1.92%;--awb-width-small:100%;--awb-order-small:0;--awb-spacing-right-small:1.92%;--awb-spacing-left-small:1.92%;\" data-scroll-devices=\"small-visibility,medium-visibility,large-visibility\"><div class=\"fusion-column-wrapper fusion-column-has-shadow fusion-flex-justify-content-flex-start fusion-content-layout-column\"><div class=\"fusion-image-element \" style=\"--awb-margin-right:0px;--awb-margin-left:0px;--awb-caption-title-font-family:var(--h2_typography-font-family);--awb-caption-title-font-weight:var(--h2_typography-font-weight);--awb-caption-title-font-style:var(--h2_typography-font-style);--awb-caption-title-size:var(--h2_typography-font-size);--awb-caption-title-transform:var(--h2_typography-text-transform);--awb-caption-title-line-height:var(--h2_typography-line-height);--awb-caption-title-letter-spacing:var(--h2_typography-letter-spacing);\"><span class=\" fusion-imageframe imageframe-none imageframe-1 hover-type-none\"><a class=\"fusion-no-lightbox\" href=\"\/no\/contact-us\/\" target=\"_self\" aria-label=\"start\"><img decoding=\"async\" width=\"1900\" height=\"457\" alt=\"Start!\" src=\"https:\/\/ai24h7.com\/wp-content\/uploads\/2024\/07\/start.webp\" data-orig-src=\"https:\/\/ai24h7.com\/wp-content\/uploads\/2024\/07\/start.webp\" class=\"lazyload img-responsive wp-image-6200\" srcset=\"data:image\/svg+xml,%3Csvg%20xmlns%3D%27http%3A%2F%2Fwww.w3.org%2F2000%2Fsvg%27%20width%3D%271900%27%20height%3D%27457%27%20viewBox%3D%270%200%201900%20457%27%3E%3Crect%20width%3D%271900%27%20height%3D%27457%27%20fill-opacity%3D%220%22%2F%3E%3C%2Fsvg%3E\" data-srcset=\"https:\/\/ai24h7.com\/wp-content\/uploads\/2024\/07\/start-200x48.webp 200w, https:\/\/ai24h7.com\/wp-content\/uploads\/2024\/07\/start-300x72.webp 300w, https:\/\/ai24h7.com\/wp-content\/uploads\/2024\/07\/start-400x96.webp 400w, https:\/\/ai24h7.com\/wp-content\/uploads\/2024\/07\/start-600x144.webp 600w, https:\/\/ai24h7.com\/wp-content\/uploads\/2024\/07\/start-768x185.webp 768w, https:\/\/ai24h7.com\/wp-content\/uploads\/2024\/07\/start-800x192.webp 800w, https:\/\/ai24h7.com\/wp-content\/uploads\/2024\/07\/start-1024x246.webp 1024w, https:\/\/ai24h7.com\/wp-content\/uploads\/2024\/07\/start-1200x289.webp 1200w, https:\/\/ai24h7.com\/wp-content\/uploads\/2024\/07\/start-1536x369.webp 1536w, https:\/\/ai24h7.com\/wp-content\/uploads\/2024\/07\/start.webp 1900w\" data-sizes=\"auto\" data-orig-sizes=\"(max-width: 850px) 100vw, 1900px\" \/><\/a><\/span><\/div><\/div><\/div><\/div><\/div><\/p>\n","protected":false},"excerpt":{"rendered":"","protected":false},"author":3,"featured_media":6175,"parent":0,"menu_order":0,"comment_status":"closed","ping_status":"closed","template":"100-width.php","meta":{"footnotes":""},"class_list":["post-6249","page","type-page","status-publish","has-post-thumbnail","hentry"],"_links":{"self":[{"href":"https:\/\/ai24h7.com\/no\/wp-json\/wp\/v2\/pages\/6249","targetHints":{"allow":["GET"]}}],"collection":[{"href":"https:\/\/ai24h7.com\/no\/wp-json\/wp\/v2\/pages"}],"about":[{"href":"https:\/\/ai24h7.com\/no\/wp-json\/wp\/v2\/types\/page"}],"author":[{"embeddable":true,"href":"https:\/\/ai24h7.com\/no\/wp-json\/wp\/v2\/users\/3"}],"replies":[{"embeddable":true,"href":"https:\/\/ai24h7.com\/no\/wp-json\/wp\/v2\/comments?post=6249"}],"version-history":[{"count":3,"href":"https:\/\/ai24h7.com\/no\/wp-json\/wp\/v2\/pages\/6249\/revisions"}],"predecessor-version":[{"id":6253,"href":"https:\/\/ai24h7.com\/no\/wp-json\/wp\/v2\/pages\/6249\/revisions\/6253"}],"wp:featuredmedia":[{"embeddable":true,"href":"https:\/\/ai24h7.com\/no\/wp-json\/wp\/v2\/media\/6175"}],"wp:attachment":[{"href":"https:\/\/ai24h7.com\/no\/wp-json\/wp\/v2\/media?parent=6249"}],"curies":[{"name":"wp","href":"https:\/\/api.w.org\/{rel}","templated":true}]}}