{"id":6210,"date":"2024-07-12T13:59:41","date_gmt":"2024-07-12T10:59:41","guid":{"rendered":"https:\/\/ai24h7.com\/?page_id=6210"},"modified":"2024-11-01T17:18:54","modified_gmt":"2024-11-01T14:18:54","slug":"website-installation-in-48-hours","status":"publish","type":"page","link":"https:\/\/ai24h7.com\/lt\/website-installation-in-48-hours\/","title":{"rendered":"Svetain\u0117s k\u016brimas per 48 valandas"},"content":{"rendered":"<p><div class=\"fusion-fullwidth fullwidth-box fusion-builder-row-1 fusion-flex-container has-pattern-background has-mask-background nonhundred-percent-fullwidth non-hundred-percent-height-scrolling\" style=\"--awb-border-radius-top-left:0px;--awb-border-radius-top-right:0px;--awb-border-radius-bottom-right:0px;--awb-border-radius-bottom-left:0px;--awb-margin-top:10px;--awb-flex-wrap:wrap;\" ><div class=\"fusion-builder-row fusion-row fusion-flex-align-items-flex-start fusion-flex-content-wrap\" style=\"max-width:1372.8px;margin-left: calc(-4% \/ 2 );margin-right: calc(-4% \/ 2 );\"><div class=\"fusion-layout-column fusion_builder_column fusion-builder-column-0 fusion_builder_column_1_2 1_2 fusion-flex-column\" style=\"--awb-bg-size:cover;--awb-width-large:50%;--awb-margin-top-large:0px;--awb-spacing-right-large:3.84%;--awb-margin-bottom-large:0px;--awb-spacing-left-large:3.84%;--awb-width-medium:50%;--awb-order-medium:0;--awb-spacing-right-medium:3.84%;--awb-spacing-left-medium:3.84%;--awb-width-small:100%;--awb-order-small:0;--awb-spacing-right-small:1.92%;--awb-spacing-left-small:1.92%;\"><div class=\"fusion-column-wrapper fusion-column-has-shadow fusion-flex-justify-content-flex-start fusion-content-layout-column\"><div class=\"fusion-title title fusion-title-1 fusion-sep-none fusion-title-text fusion-title-size-two\" style=\"--awb-margin-top:0px;\"><h2 class=\"fusion-title-heading title-heading-left\" style=\"margin:0;text-transform:none;\">Svetain\u0117s k\u016brimas per 48 val.<br \/>\n500 \u20ac &#8211; K\u0105 gausite?<\/h2><\/div><\/div><\/div><div class=\"fusion-layout-column fusion_builder_column fusion-builder-column-1 fusion_builder_column_1_2 1_2 fusion-flex-column\" style=\"--awb-padding-top:10px;--awb-padding-right:60px;--awb-padding-top-small:40px;--awb-bg-size:cover;--awb-width-large:50%;--awb-margin-top-large:0px;--awb-spacing-right-large:3.84%;--awb-margin-bottom-large:0px;--awb-spacing-left-large:3.84%;--awb-width-medium:50%;--awb-order-medium:0;--awb-spacing-right-medium:3.84%;--awb-spacing-left-medium:3.84%;--awb-width-small:100%;--awb-order-small:0;--awb-spacing-right-small:1.92%;--awb-spacing-left-small:1.92%;\" data-scroll-devices=\"small-visibility,medium-visibility,large-visibility\"><div class=\"fusion-column-wrapper fusion-column-has-shadow fusion-flex-justify-content-flex-start fusion-content-layout-column\"><div class=\"fusion-text fusion-text-1\" style=\"--awb-font-size:var(--awb-typography2-font-size);--awb-line-height:var(--awb-typography2-line-height);--awb-letter-spacing:var(--awb-typography2-letter-spacing);--awb-text-transform:var(--awb-typography2-text-transform);--awb-text-font-family:var(--awb-typography2-font-family);--awb-text-font-weight:var(--awb-typography2-font-weight);--awb-text-font-style:var(--awb-typography2-font-style);\"><p>Visi\u0161kai veikian\u010di\u0105 svetain\u0119 gausite per 48 valandas po apmok\u0117jimo ir DNS \u012fra\u0161o nustatymo j\u016bs\u0173 domenui.<\/p>\n<\/div><div class=\"fusion-separator\" style=\"align-self: flex-start;margin-right:auto;margin-top:10px;width:100%;max-width:100px;\"><div class=\"fusion-separator-border sep-single sep-dotted\" style=\"--awb-height:20px;--awb-amount:20px;--awb-sep-color:var(--awb-color4);border-color:var(--awb-color4);border-top-width:1px;\"><\/div><\/div><\/div><\/div><\/div><\/div><div class=\"fusion-fullwidth fullwidth-box fusion-builder-row-2 fusion-flex-container has-pattern-background has-mask-background nonhundred-percent-fullwidth non-hundred-percent-height-scrolling\" style=\"--awb-border-radius-top-left:0px;--awb-border-radius-top-right:0px;--awb-border-radius-bottom-right:0px;--awb-border-radius-bottom-left:0px;--awb-margin-top:80px;--awb-margin-bottom:60px;--awb-flex-wrap:wrap;\" ><div class=\"fusion-builder-row fusion-row fusion-flex-align-items-flex-start fusion-flex-content-wrap\" style=\"max-width:1372.8px;margin-left: calc(-4% \/ 2 );margin-right: calc(-4% \/ 2 );\"><div class=\"fusion-layout-column fusion_builder_column fusion-builder-column-2 fusion_builder_column_1_1 1_1 fusion-flex-column\" style=\"--awb-bg-size:cover;--awb-width-large:100%;--awb-margin-top-large:0px;--awb-spacing-right-large:1.92%;--awb-margin-bottom-large:0px;--awb-spacing-left-large:1.92%;--awb-width-medium:100%;--awb-order-medium:0;--awb-spacing-right-medium:1.92%;--awb-spacing-left-medium:1.92%;--awb-width-small:100%;--awb-order-small:0;--awb-spacing-right-small:1.92%;--awb-spacing-left-small:1.92%;\"><div class=\"fusion-column-wrapper fusion-column-has-shadow fusion-flex-justify-content-flex-start fusion-content-layout-column\"><div class=\"fusion-title title fusion-title-2 fusion-sep-none fusion-title-center fusion-title-text fusion-title-size-four\" style=\"--awb-margin-top:20px;\"><h4 class=\"fusion-title-heading title-heading-center\" style=\"margin:0;text-transform:none;\">Pagrindin\u012f svetain\u0117s k\u016brimo ir diegimo paket\u0105 sudaro:<\/h4><\/div><div class=\"fusion-text fusion-text-2\"><p>\u00bb konsultacijos d\u0117l DNS \u012fra\u0161\u0173 nustatymo domeno valdymo skydelyje;;<br \/>\n\u00bb konsultacijos d\u0117l domeno zonos nustatymo;<br \/>\n\u00bb domeno vardo registracija serveryje (pagal pageidavim\u0105 galime atlikti domeno pirkim\u0105 ir registracij\u0105);<br \/>\n\u00bb CMS WordPress diegimas nurodyta U\u017esakovo kalba \u012f J\u016bs\u0173 serverio paskyr\u0105;<br \/>\n\u00bb iki 5 el. pa\u0161to d\u0117\u017eu\u010di\u0173 su J\u016bs\u0173 svetain\u0117s vardu, pvz., info@yourwebsite.com, registracija;<br \/>\n\u00bb nemokama 5 GB vieta serveryje\/hostingas pirmaisiais veiklos metais (sutaupote 50 \u20ac);<br \/>\n\u00bb SSL sertifikato diegimas (sutaupote 20 \u20ac\/metus) saugiam ry\u0161iui su serveriu;<br \/>\n\u00bb Avada WordPress tema su vis\u0105 gyvenim\u0105 trunkan\u010dia licencija (sutaupote 80 \u20ac) ir i\u0161 anksto \u012fdiegtais 120 \u012fvairi\u0173 \u0161ablon\u0173 profesionaliam svetain\u0117s dizainui, atitinkan\u010diam visus \u0161iuolaikini\u0173 paie\u0161kos sistem\u0173 reikalavimus, su nemokamais tolesniais atnaujinimais, reikalingais naujoms WordPress versijoms;<br \/>\n\u00bb nemokama prieiga (sutaupote ma\u017eiausiai 50 \u20ac) prie internetin\u0117s parduotuv\u0117s https:\/\/store24h7.com vaizd\u0173 baz\u0117s, skirtos naudoti svetain\u0117je;<br \/>\n\u00bb licencijuotas WPML \u012fskiepis (sutaupote 99 \u20ac\/metus) &#8211; profesionalus daugiakalbis \u012fskiepis su vis\u0105 gyvenim\u0105 trunkan\u010dia licencija \u012fvairi\u0173 svetain\u0117s ar internetin\u0117s parduotuv\u0117s kalbini\u0173 versij\u0173 k\u016brimui (jei reikia);<br \/>\n\u00bb WooCommerce diegimas (internetin\u0117s parduotuv\u0117s variklis &#8211; pagal pageidavim\u0105) svetain\u0117je;<br \/>\n\u00bb svetain\u0117s spalv\u0173 palet\u0117s keitimas pagal U\u017esakovo \u012fmon\u0117s stili\u0173;<br \/>\n\u00bb iki 5 puslapi\u0173 tekst\u0173 ir vaizd\u0173 turinio pildymas;<br \/>\n\u00bb Google Maps prieigos kod\u0173 diegimas;<br \/>\n\u00bb kontaktini\u0173 form\u0173 prieigos kod\u0173 su Google ReCaptcha diegimas;<br \/>\n\u00bb neribotas puslapi\u0173 skai\u010dius;<br \/>\n\u00bb daugiasluoksnis meniu;<br \/>\n\u00bb kontaktini\u0173 form\u0173 diegimas;<br \/>\n\u00bb nuotrauk\u0173 galerijos diegimas;<br \/>\n\u00bb vaizdo galerijos diegimas;<br \/>\n\u00bb slankikli\u0173 diegimas;<br \/>\n\u00bb vis\u0173 U\u017esakovo \u012fmon\u0117s duomen\u0173 \u012fvedimas \u012f svetain\u0119;<br \/>\n\u00bb mok\u0117jimo sistem\u0173 (internetin\u0117ms parduotuv\u0117ms &#8211; pagal pageidavim\u0105) prijungimas ir nustatymas, kad b\u016bt\u0173 galima priimti mok\u0117jimus i\u0161 klient\u0173 jau po 3 dien\u0173 nuo diegimo;<br \/>\n\u00bb ADA \u012fskiepis (privalomas \u012fmon\u0117ms, kurios dirba su JAV klientais);<br \/>\n\u00bb GDPR \u012fskiepis (privalomas \u012fmon\u0117ms, kurios dirba su ES klientais);<br \/>\n\u00bb All in One SEO \u012fskiepis tolesniam U\u017esakovo savaranki\u0161kam svetain\u0117s optimizavimui ir paie\u0161kos tinkluose skatinimui;<br \/>\n\u00bb aktyv\u016bs svetain\u0117s lyderi\u0173 generavimo elementai;<br \/>\n\u00bb vieneri metai nemokamo hostingo;<br \/>\n\u00bb visi\u0161kai pritaikyta svetain\u0117s mobilioji versija visiems mobiliesiems \u012frenginiams (iOS, Android);<br \/>\n\u00bb pagrindin\u0117 svetain\u0117s krovimo grei\u010dio optimizacija (svetain\u0117s veikimo efektyvumo gerinimas paie\u0161kos sistem\u0173 reitingui ir vartotojo patir\u010diai gerinti);<br \/>\n\u00bb integracija su socialiniais tinklais (Facebook, Instagram, Twitter ir kit\u0173 socialini\u0173 tinkl\u0173 mygtuk\u0173 ir valdikli\u0173 nustatymas);<br \/>\n\u00bb palaikymas ir prie\u017ei\u016bra (1 m\u0117nesis nemokamos technin\u0117s pagalbos ir konsultacij\u0173);<br \/>\n\u00bb pagrindin\u0117 analiz\u0117 ir ataskaitos (Google Analytics \u012fdiegimas ir nustatymas, siekiant steb\u0117ti sraut\u0105 ir vartotoj\u0173 elges\u012f svetain\u0117je);<br \/>\n\u00bb tinklara\u0161\u010dio nustatymas (naujien\u0173, straipsni\u0173 ir SEO skatinan\u010dio turinio publikavimui);<br \/>\n\u00bb pilna administratoriaus teisi\u0173 prieiga prie svetain\u0117s valdymo skydelio;<br \/>\n\u00bb i\u0161sami technin\u0117 dokumentacija (vaizdo ir tekstin\u0117s instrukcijos) savaranki\u0161kam turinio redagavimui ir prid\u0117jimui angl\u0173 kalba.<\/p>\n<\/div><div class=\"fusion-text fusion-text-3\"><blockquote>\n<p>Si\u016blome daugiau nei 100 dizaino variant\u0173 \u012fvairi\u0173 tip\u0173 svetain\u0117ms &#8211; nuo vieno puslapio svetain\u0117s freelanceriui ar influenceriui. Keli\u0173 puslapi\u0173 \u012fmon\u0117s svetainei, taip pat daugiau nei 20 dizaino variant\u0173 internetin\u0117ms parduotuv\u0117ms.<br \/>\nTai \u012fskai\u010diuota \u012f 500 \u20ac s\u0105rankos mokest\u012f!<\/p>\n<\/blockquote>\n<\/div><\/div><\/div><\/div><\/div><div class=\"fusion-fullwidth fullwidth-box fusion-builder-row-3 fusion-flex-container has-pattern-background has-mask-background hundred-percent-fullwidth non-hundred-percent-height-scrolling\" style=\"--awb-border-radius-top-left:0px;--awb-border-radius-top-right:0px;--awb-border-radius-bottom-right:0px;--awb-border-radius-bottom-left:0px;--awb-padding-right:0px;--awb-padding-left:0px;--awb-flex-wrap:wrap;\" ><div class=\"fusion-builder-row fusion-row fusion-flex-align-items-flex-start fusion-flex-content-wrap\" style=\"width:104% !important;max-width:104% !important;margin-left: calc(-4% \/ 2 );margin-right: calc(-4% \/ 2 );\"><div class=\"fusion-layout-column fusion_builder_column fusion-builder-column-3 fusion_builder_column_1_1 1_1 fusion-flex-column\" style=\"--awb-bg-size:cover;--awb-width-large:100%;--awb-margin-top-large:0px;--awb-spacing-right-large:1.92%;--awb-margin-bottom-large:20px;--awb-spacing-left-large:1.92%;--awb-width-medium:100%;--awb-order-medium:0;--awb-spacing-right-medium:1.92%;--awb-spacing-left-medium:1.92%;--awb-width-small:100%;--awb-order-small:0;--awb-spacing-right-small:1.92%;--awb-spacing-left-small:1.92%;\" data-scroll-devices=\"small-visibility,medium-visibility,large-visibility\"><div class=\"fusion-column-wrapper fusion-column-has-shadow fusion-flex-justify-content-flex-start fusion-content-layout-column\"><div class=\"fusion-image-element \" style=\"--awb-margin-right:0px;--awb-margin-left:0px;--awb-caption-title-font-family:var(--h2_typography-font-family);--awb-caption-title-font-weight:var(--h2_typography-font-weight);--awb-caption-title-font-style:var(--h2_typography-font-style);--awb-caption-title-size:var(--h2_typography-font-size);--awb-caption-title-transform:var(--h2_typography-text-transform);--awb-caption-title-line-height:var(--h2_typography-line-height);--awb-caption-title-letter-spacing:var(--h2_typography-letter-spacing);\"><span class=\" fusion-imageframe imageframe-none imageframe-1 hover-type-none\"><a class=\"fusion-no-lightbox\" href=\"\/lt\/contact-us\/\" target=\"_self\" aria-label=\"start\"><img decoding=\"async\" width=\"1900\" height=\"457\" alt=\"Start!\" src=\"https:\/\/ai24h7.com\/wp-content\/uploads\/2024\/07\/start.webp\" data-orig-src=\"https:\/\/ai24h7.com\/wp-content\/uploads\/2024\/07\/start.webp\" class=\"lazyload img-responsive wp-image-6199\" srcset=\"data:image\/svg+xml,%3Csvg%20xmlns%3D%27http%3A%2F%2Fwww.w3.org%2F2000%2Fsvg%27%20width%3D%271900%27%20height%3D%27457%27%20viewBox%3D%270%200%201900%20457%27%3E%3Crect%20width%3D%271900%27%20height%3D%27457%27%20fill-opacity%3D%220%22%2F%3E%3C%2Fsvg%3E\" data-srcset=\"https:\/\/ai24h7.com\/wp-content\/uploads\/2024\/07\/start-200x48.webp 200w, https:\/\/ai24h7.com\/wp-content\/uploads\/2024\/07\/start-300x72.webp 300w, https:\/\/ai24h7.com\/wp-content\/uploads\/2024\/07\/start-400x96.webp 400w, https:\/\/ai24h7.com\/wp-content\/uploads\/2024\/07\/start-600x144.webp 600w, https:\/\/ai24h7.com\/wp-content\/uploads\/2024\/07\/start-768x185.webp 768w, https:\/\/ai24h7.com\/wp-content\/uploads\/2024\/07\/start-800x192.webp 800w, https:\/\/ai24h7.com\/wp-content\/uploads\/2024\/07\/start-1024x246.webp 1024w, https:\/\/ai24h7.com\/wp-content\/uploads\/2024\/07\/start-1200x289.webp 1200w, https:\/\/ai24h7.com\/wp-content\/uploads\/2024\/07\/start-1536x369.webp 1536w, https:\/\/ai24h7.com\/wp-content\/uploads\/2024\/07\/start.webp 1900w\" data-sizes=\"auto\" data-orig-sizes=\"(max-width: 850px) 100vw, 1900px\" \/><\/a><\/span><\/div><\/div><\/div><\/div><\/div><\/p>\n","protected":false},"excerpt":{"rendered":"","protected":false},"author":3,"featured_media":6174,"parent":0,"menu_order":0,"comment_status":"closed","ping_status":"closed","template":"100-width.php","meta":{"footnotes":""},"class_list":["post-6210","page","type-page","status-publish","has-post-thumbnail","hentry"],"_links":{"self":[{"href":"https:\/\/ai24h7.com\/lt\/wp-json\/wp\/v2\/pages\/6210","targetHints":{"allow":["GET"]}}],"collection":[{"href":"https:\/\/ai24h7.com\/lt\/wp-json\/wp\/v2\/pages"}],"about":[{"href":"https:\/\/ai24h7.com\/lt\/wp-json\/wp\/v2\/types\/page"}],"author":[{"embeddable":true,"href":"https:\/\/ai24h7.com\/lt\/wp-json\/wp\/v2\/users\/3"}],"replies":[{"embeddable":true,"href":"https:\/\/ai24h7.com\/lt\/wp-json\/wp\/v2\/comments?post=6210"}],"version-history":[{"count":10,"href":"https:\/\/ai24h7.com\/lt\/wp-json\/wp\/v2\/pages\/6210\/revisions"}],"predecessor-version":[{"id":7293,"href":"https:\/\/ai24h7.com\/lt\/wp-json\/wp\/v2\/pages\/6210\/revisions\/7293"}],"wp:featuredmedia":[{"embeddable":true,"href":"https:\/\/ai24h7.com\/lt\/wp-json\/wp\/v2\/media\/6174"}],"wp:attachment":[{"href":"https:\/\/ai24h7.com\/lt\/wp-json\/wp\/v2\/media?parent=6210"}],"curies":[{"name":"wp","href":"https:\/\/api.w.org\/{rel}","templated":true}]}}