{"id":6321,"date":"2024-07-12T13:59:41","date_gmt":"2024-07-12T10:59:41","guid":{"rendered":"https:\/\/ai24h7.com\/?page_id=6321"},"modified":"2024-07-19T21:33:41","modified_gmt":"2024-07-19T18:33:41","slug":"website-installation-in-48-hours","status":"publish","type":"page","link":"https:\/\/ai24h7.com\/fr\/website-installation-in-48-hours\/","title":{"rendered":"Installation d&rsquo;un site web en 48 heures"},"content":{"rendered":"<p><div class=\"fusion-fullwidth fullwidth-box fusion-builder-row-1 fusion-flex-container has-pattern-background has-mask-background nonhundred-percent-fullwidth non-hundred-percent-height-scrolling\" style=\"--awb-border-radius-top-left:0px;--awb-border-radius-top-right:0px;--awb-border-radius-bottom-right:0px;--awb-border-radius-bottom-left:0px;--awb-margin-top:10px;--awb-flex-wrap:wrap;\" ><div class=\"fusion-builder-row fusion-row fusion-flex-align-items-flex-start fusion-flex-content-wrap\" style=\"max-width:1372.8px;margin-left: calc(-4% \/ 2 );margin-right: calc(-4% \/ 2 );\"><div class=\"fusion-layout-column fusion_builder_column fusion-builder-column-0 fusion_builder_column_1_2 1_2 fusion-flex-column\" style=\"--awb-bg-size:cover;--awb-width-large:50%;--awb-margin-top-large:0px;--awb-spacing-right-large:3.84%;--awb-margin-bottom-large:0px;--awb-spacing-left-large:3.84%;--awb-width-medium:50%;--awb-order-medium:0;--awb-spacing-right-medium:3.84%;--awb-spacing-left-medium:3.84%;--awb-width-small:100%;--awb-order-small:0;--awb-spacing-right-small:1.92%;--awb-spacing-left-small:1.92%;\"><div class=\"fusion-column-wrapper fusion-column-has-shadow fusion-flex-justify-content-flex-start fusion-content-layout-column\"><div class=\"fusion-title title fusion-title-1 fusion-sep-none fusion-title-text fusion-title-size-two\" style=\"--awb-margin-top:0px;--awb-font-size:40px;\"><h2 class=\"fusion-title-heading title-heading-left\" style=\"margin:0;font-size:1em;text-transform:none;\"><p>Installation en 48 heures :<br \/>\n500 \u20ac &#8211; Qu&rsquo;est-ce qui est inclus ?<\/p><\/h2><\/div><\/div><\/div><div class=\"fusion-layout-column fusion_builder_column fusion-builder-column-1 fusion_builder_column_1_2 1_2 fusion-flex-column\" style=\"--awb-padding-top:10px;--awb-padding-right:60px;--awb-padding-top-small:40px;--awb-bg-size:cover;--awb-width-large:50%;--awb-margin-top-large:0px;--awb-spacing-right-large:3.84%;--awb-margin-bottom-large:0px;--awb-spacing-left-large:3.84%;--awb-width-medium:50%;--awb-order-medium:0;--awb-spacing-right-medium:3.84%;--awb-spacing-left-medium:3.84%;--awb-width-small:100%;--awb-order-small:0;--awb-spacing-right-small:1.92%;--awb-spacing-left-small:1.92%;\" data-scroll-devices=\"small-visibility,medium-visibility,large-visibility\"><div class=\"fusion-column-wrapper fusion-column-has-shadow fusion-flex-justify-content-flex-start fusion-content-layout-column\"><div class=\"fusion-text fusion-text-1\" style=\"--awb-font-size:var(--awb-typography2-font-size);--awb-line-height:var(--awb-typography2-line-height);--awb-letter-spacing:var(--awb-typography2-letter-spacing);--awb-text-transform:var(--awb-typography2-text-transform);--awb-text-font-family:var(--awb-typography2-font-family);--awb-text-font-weight:var(--awb-typography2-font-weight);--awb-text-font-style:var(--awb-typography2-font-style);\"><p>Vous recevrez un site web enti\u00e8rement fonctionnel dans les 48 heures suivant le paiement et la configuration de l&rsquo;enregistrement DNS pour votre domaine.<\/p>\n<\/div><div class=\"fusion-separator\" style=\"align-self: flex-start;margin-right:auto;margin-top:10px;width:100%;max-width:100px;\"><div class=\"fusion-separator-border sep-single sep-dotted\" style=\"--awb-height:20px;--awb-amount:20px;--awb-sep-color:var(--awb-color4);border-color:var(--awb-color4);border-top-width:1px;\"><\/div><\/div><\/div><\/div><\/div><\/div><div class=\"fusion-fullwidth fullwidth-box fusion-builder-row-2 fusion-flex-container has-pattern-background has-mask-background nonhundred-percent-fullwidth non-hundred-percent-height-scrolling\" style=\"--awb-border-radius-top-left:0px;--awb-border-radius-top-right:0px;--awb-border-radius-bottom-right:0px;--awb-border-radius-bottom-left:0px;--awb-margin-top:80px;--awb-margin-bottom:60px;--awb-flex-wrap:wrap;\" ><div class=\"fusion-builder-row fusion-row fusion-flex-align-items-flex-start fusion-flex-content-wrap\" style=\"max-width:1372.8px;margin-left: calc(-4% \/ 2 );margin-right: calc(-4% \/ 2 );\"><div class=\"fusion-layout-column fusion_builder_column fusion-builder-column-2 fusion_builder_column_1_1 1_1 fusion-flex-column\" style=\"--awb-bg-size:cover;--awb-width-large:100%;--awb-margin-top-large:0px;--awb-spacing-right-large:1.92%;--awb-margin-bottom-large:0px;--awb-spacing-left-large:1.92%;--awb-width-medium:100%;--awb-order-medium:0;--awb-spacing-right-medium:1.92%;--awb-spacing-left-medium:1.92%;--awb-width-small:100%;--awb-order-small:0;--awb-spacing-right-small:1.92%;--awb-spacing-left-small:1.92%;\"><div class=\"fusion-column-wrapper fusion-column-has-shadow fusion-flex-justify-content-flex-start fusion-content-layout-column\"><div class=\"fusion-title title fusion-title-2 fusion-sep-none fusion-title-center fusion-title-text fusion-title-size-four\" style=\"--awb-margin-top:20px;\"><h4 class=\"fusion-title-heading title-heading-center\" style=\"margin:0;text-transform:none;\">Le paquet de base pour la cr\u00e9ation et l&rsquo;installation d&rsquo;un site web comprend :<\/h4><\/div><div class=\"fusion-text fusion-text-2\"><p>\u00bb Consultation sur la configuration des enregistrements DNS dans votre panneau de contr\u00f4le de domaine ;<br \/>\n\u00bb Enregistrement du nom de domaine sur le serveur (nous pouvons \u00e9galement acheter et enregistrer le nom de domaine pour vous si vous le souhaitez) ;<br \/>\n\u00bb Installation du CMS WordPress dans la langue sp\u00e9cifi\u00e9e sur le serveur ;<br \/>\n\u00bb Enregistrement de jusqu&rsquo;\u00e0 5 comptes email au nom de votre site web, tel que info@votresite.com ;<br \/>\n\u00bb 5 Go d&rsquo;espace serveur gratuit pour la premi\u00e8re ann\u00e9e (\u00e9conomisant 50 \u20ac) ;<br \/>\n\u00bb Installation d&rsquo;un certificat SSL sur le site web (\u00e9conomisant 20 $\/an) pour une connexion s\u00e9curis\u00e9e au serveur ;<br \/>\n\u00bb Installation du th\u00e8me WordPress Avada avec une licence \u00e0 vie (\u00e9conomisant 69 $) et 120 mod\u00e8les pr\u00e9-install\u00e9s pour un design professionnel du site web r\u00e9pondant \u00e0 toutes les exigences modernes des moteurs de recherche, avec des mises \u00e0 jour gratuites pour les nouvelles versions de WordPress ;<br \/>\n\u00bb Acc\u00e8s gratuit (\u00e9conomisant au moins 50 $) \u00e0 la base de donn\u00e9es d&rsquo;images de store24h7.com pour une utilisation sur les pages du site web ;<br \/>\n\u00bb Installation du plugin WPML sous licence (\u00e9conomisant 99 \u20ac\/an). WPML est un plugin multilingue professionnel avec une licence \u00e0 vie pour cr\u00e9er diff\u00e9rentes versions linguistiques du site web ou de la boutique en ligne (si n\u00e9cessaire) ;<br \/>\n\u00bb Installation de WooCommerce (pour les boutiques en ligne &#8211; optionnel) sur le site web ;<br \/>\n\u00bb Modification de la palette de couleurs du site web pour correspondre au style corporatif du client ;<br \/>\n\u00bb Remplissage de contenu pour jusqu&rsquo;\u00e0 5 pages avec texte et images ;<br \/>\n\u00bb Installation et activation des codes d&rsquo;acc\u00e8s Google Maps ;<br \/>\n\u00bb Installation et activation des codes d&rsquo;acc\u00e8s Google ReCaptcha pour les formulaires de contact ;<br \/>\n\u00bb Possibilit\u00e9 d&rsquo;ajouter un nombre illimit\u00e9 de pages ;<br \/>\n\u00bb Configuration d&rsquo;un menu multi-niveaux ;<br \/>\n\u00bb Installation de formulaires de contact ;<br \/>\n\u00bb Installation de mod\u00e8les de galerie photo ;<br \/>\n\u00bb Installation de mod\u00e8les de galerie vid\u00e9o ;<br \/>\n\u00bb Installation de mod\u00e8les de slider pour la page d&rsquo;accueil ;<br \/>\n\u00bb Saisie de toutes les donn\u00e9es de l&rsquo;entreprise du client sur le site web ;<br \/>\n\u00bb Pour les boutiques en ligne &#8211; connexion et configuration des syst\u00e8mes de paiement pour accepter les paiements des clients dans les 3 jours suivant l&rsquo;installation du site web ;<br \/>\n\u00bb Plugin ADA (obligatoire pour les entreprises travaillant avec des clients aux \u00c9tats-Unis) ;<br \/>\n\u00bb Plugin GDPR (obligatoire pour les entreprises travaillant avec des clients dans l&rsquo;UE) ;<br \/>\n\u00bb Installation et activation du plugin All in One SEO pour une optimisation et une promotion ind\u00e9pendantes du site sur les moteurs de recherche ;<br \/>\n\u00bb Installation d&rsquo;\u00e9l\u00e9ments actifs de g\u00e9n\u00e9ration de leads sur le site web ;<br \/>\n\u00bb Une ann\u00e9e d&rsquo;h\u00e9bergement gratuit ;<br \/>\n\u00bb Version mobile enti\u00e8rement r\u00e9active du site web pour tous les appareils mobiles (iOS, Android) ;<br \/>\n\u00bb Optimisation basique de la vitesse du site web (am\u00e9liorant les performances du site pour un meilleur classement dans les moteurs de recherche et une meilleure exp\u00e9rience utilisateur) ;<br \/>\n\u00bb Int\u00e9gration des r\u00e9seaux sociaux (configuration des boutons et widgets pour Facebook, Instagram, Twitter et autres r\u00e9seaux sociaux) ;<br \/>\n\u00bb Support et maintenance (1 mois de support technique gratuit et de conseils) ;<br \/>\n\u00bb Analyse de base (installation d&rsquo;un plugin pour Google Analytics afin de suivre le trafic et le comportement des utilisateurs sur le site) ;<br \/>\n\u00bb Installation et configuration d&rsquo;une page de blog (pour publier des nouvelles, des articles et du contenu pour la promotion SEO) ;<br \/>\n\u00bb Acc\u00e8s administrateur complet au panneau de contr\u00f4le du site ;<br \/>\n\u00bb Documentation technique d\u00e9taill\u00e9e (tutoriels vid\u00e9o et texte) pour l&rsquo;\u00e9dition et l&rsquo;ajout de contenu en toute autonomie en anglais.<\/p>\n<\/div><div class=\"fusion-text fusion-text-3\"><blockquote>\n<p>Nous proposons plus de 100 options de conception pour diff\u00e9rents types de sites web &#8211; d&rsquo;un site d&rsquo;une page pour un freelance ou un influenceur \u00e0 un portail d&rsquo;entreprise de plusieurs pages, ainsi que plus de 20 options de conception pour les boutiques en ligne.<br \/>\nEt n&rsquo;en doutez pas ! &#8211; Tout est compris dans les 500 \u20ac de frais d&rsquo;installation !<\/p>\n<\/blockquote>\n<\/div><\/div><\/div><\/div><\/div><div class=\"fusion-fullwidth fullwidth-box fusion-builder-row-3 fusion-flex-container has-pattern-background has-mask-background hundred-percent-fullwidth non-hundred-percent-height-scrolling\" style=\"--awb-border-radius-top-left:0px;--awb-border-radius-top-right:0px;--awb-border-radius-bottom-right:0px;--awb-border-radius-bottom-left:0px;--awb-padding-right:0px;--awb-padding-left:0px;--awb-flex-wrap:wrap;\" ><div class=\"fusion-builder-row fusion-row fusion-flex-align-items-flex-start fusion-flex-content-wrap\" style=\"width:104% !important;max-width:104% !important;margin-left: calc(-4% \/ 2 );margin-right: calc(-4% \/ 2 );\"><div class=\"fusion-layout-column fusion_builder_column fusion-builder-column-3 fusion_builder_column_1_1 1_1 fusion-flex-column\" style=\"--awb-bg-size:cover;--awb-width-large:100%;--awb-margin-top-large:0px;--awb-spacing-right-large:1.92%;--awb-margin-bottom-large:20px;--awb-spacing-left-large:1.92%;--awb-width-medium:100%;--awb-order-medium:0;--awb-spacing-right-medium:1.92%;--awb-spacing-left-medium:1.92%;--awb-width-small:100%;--awb-order-small:0;--awb-spacing-right-small:1.92%;--awb-spacing-left-small:1.92%;\" data-scroll-devices=\"small-visibility,medium-visibility,large-visibility\"><div class=\"fusion-column-wrapper fusion-column-has-shadow fusion-flex-justify-content-flex-start fusion-content-layout-column\"><div class=\"fusion-image-element \" style=\"--awb-margin-right:0px;--awb-margin-left:0px;--awb-caption-title-font-family:var(--h2_typography-font-family);--awb-caption-title-font-weight:var(--h2_typography-font-weight);--awb-caption-title-font-style:var(--h2_typography-font-style);--awb-caption-title-size:var(--h2_typography-font-size);--awb-caption-title-transform:var(--h2_typography-text-transform);--awb-caption-title-line-height:var(--h2_typography-line-height);--awb-caption-title-letter-spacing:var(--h2_typography-letter-spacing);\"><span class=\" fusion-imageframe imageframe-none imageframe-1 hover-type-none\"><a class=\"fusion-no-lightbox\" href=\"\/fr\/contact-us\/\" target=\"_self\" aria-label=\"start\"><img decoding=\"async\" width=\"1900\" height=\"457\" alt=\"Start!\" src=\"https:\/\/ai24h7.com\/wp-content\/uploads\/2024\/07\/start.webp\" data-orig-src=\"https:\/\/ai24h7.com\/wp-content\/uploads\/2024\/07\/start.webp\" class=\"lazyload img-responsive wp-image-6196\" srcset=\"data:image\/svg+xml,%3Csvg%20xmlns%3D%27http%3A%2F%2Fwww.w3.org%2F2000%2Fsvg%27%20width%3D%271900%27%20height%3D%27457%27%20viewBox%3D%270%200%201900%20457%27%3E%3Crect%20width%3D%271900%27%20height%3D%27457%27%20fill-opacity%3D%220%22%2F%3E%3C%2Fsvg%3E\" data-srcset=\"https:\/\/ai24h7.com\/wp-content\/uploads\/2024\/07\/start-200x48.webp 200w, https:\/\/ai24h7.com\/wp-content\/uploads\/2024\/07\/start-300x72.webp 300w, https:\/\/ai24h7.com\/wp-content\/uploads\/2024\/07\/start-400x96.webp 400w, https:\/\/ai24h7.com\/wp-content\/uploads\/2024\/07\/start-600x144.webp 600w, https:\/\/ai24h7.com\/wp-content\/uploads\/2024\/07\/start-768x185.webp 768w, https:\/\/ai24h7.com\/wp-content\/uploads\/2024\/07\/start-800x192.webp 800w, https:\/\/ai24h7.com\/wp-content\/uploads\/2024\/07\/start-1024x246.webp 1024w, https:\/\/ai24h7.com\/wp-content\/uploads\/2024\/07\/start-1200x289.webp 1200w, https:\/\/ai24h7.com\/wp-content\/uploads\/2024\/07\/start-1536x369.webp 1536w, https:\/\/ai24h7.com\/wp-content\/uploads\/2024\/07\/start.webp 1900w\" data-sizes=\"auto\" data-orig-sizes=\"(max-width: 850px) 100vw, 1900px\" \/><\/a><\/span><\/div><\/div><\/div><\/div><\/div><\/p>\n","protected":false},"excerpt":{"rendered":"","protected":false},"author":3,"featured_media":6171,"parent":0,"menu_order":0,"comment_status":"closed","ping_status":"closed","template":"100-width.php","meta":{"footnotes":""},"class_list":["post-6321","page","type-page","status-publish","has-post-thumbnail","hentry"],"_links":{"self":[{"href":"https:\/\/ai24h7.com\/fr\/wp-json\/wp\/v2\/pages\/6321","targetHints":{"allow":["GET"]}}],"collection":[{"href":"https:\/\/ai24h7.com\/fr\/wp-json\/wp\/v2\/pages"}],"about":[{"href":"https:\/\/ai24h7.com\/fr\/wp-json\/wp\/v2\/types\/page"}],"author":[{"embeddable":true,"href":"https:\/\/ai24h7.com\/fr\/wp-json\/wp\/v2\/users\/3"}],"replies":[{"embeddable":true,"href":"https:\/\/ai24h7.com\/fr\/wp-json\/wp\/v2\/comments?post=6321"}],"version-history":[{"count":5,"href":"https:\/\/ai24h7.com\/fr\/wp-json\/wp\/v2\/pages\/6321\/revisions"}],"predecessor-version":[{"id":6326,"href":"https:\/\/ai24h7.com\/fr\/wp-json\/wp\/v2\/pages\/6321\/revisions\/6326"}],"wp:featuredmedia":[{"embeddable":true,"href":"https:\/\/ai24h7.com\/fr\/wp-json\/wp\/v2\/media\/6171"}],"wp:attachment":[{"href":"https:\/\/ai24h7.com\/fr\/wp-json\/wp\/v2\/media?parent=6321"}],"curies":[{"name":"wp","href":"https:\/\/api.w.org\/{rel}","templated":true}]}}