{"id":6236,"date":"2024-07-12T13:59:41","date_gmt":"2024-07-12T10:59:41","guid":{"rendered":"https:\/\/ai24h7.com\/?page_id=6236"},"modified":"2024-07-13T15:53:21","modified_gmt":"2024-07-13T12:53:21","slug":"website-installation-in-48-hours","status":"publish","type":"page","link":"https:\/\/ai24h7.com\/es\/website-installation-in-48-hours\/","title":{"rendered":"Instalaci\u00f3n del sitio web en 48 horas"},"content":{"rendered":"<p><div class=\"fusion-fullwidth fullwidth-box fusion-builder-row-1 fusion-flex-container has-pattern-background has-mask-background nonhundred-percent-fullwidth non-hundred-percent-height-scrolling\" style=\"--awb-border-radius-top-left:0px;--awb-border-radius-top-right:0px;--awb-border-radius-bottom-right:0px;--awb-border-radius-bottom-left:0px;--awb-margin-top:10px;--awb-flex-wrap:wrap;\" ><div class=\"fusion-builder-row fusion-row fusion-flex-align-items-flex-start fusion-flex-content-wrap\" style=\"max-width:1372.8px;margin-left: calc(-4% \/ 2 );margin-right: calc(-4% \/ 2 );\"><div class=\"fusion-layout-column fusion_builder_column fusion-builder-column-0 fusion_builder_column_1_2 1_2 fusion-flex-column\" style=\"--awb-bg-size:cover;--awb-width-large:50%;--awb-margin-top-large:0px;--awb-spacing-right-large:3.84%;--awb-margin-bottom-large:0px;--awb-spacing-left-large:3.84%;--awb-width-medium:50%;--awb-order-medium:0;--awb-spacing-right-medium:3.84%;--awb-spacing-left-medium:3.84%;--awb-width-small:100%;--awb-order-small:0;--awb-spacing-right-small:1.92%;--awb-spacing-left-small:1.92%;\"><div class=\"fusion-column-wrapper fusion-column-has-shadow fusion-flex-justify-content-flex-start fusion-content-layout-column\"><div class=\"fusion-title title fusion-title-1 fusion-sep-none fusion-title-text fusion-title-size-two\" style=\"--awb-margin-top:0px;\"><h2 class=\"fusion-title-heading title-heading-left\" style=\"margin:0;text-transform:none;\">Instalaci\u00f3n en 48 horas:<br \/>\n500 \u20ac &#8211; \u00bfQu\u00e9 incluye?<\/h2><\/div><\/div><\/div><div class=\"fusion-layout-column fusion_builder_column fusion-builder-column-1 fusion_builder_column_1_2 1_2 fusion-flex-column\" style=\"--awb-padding-top:10px;--awb-padding-right:60px;--awb-padding-top-small:40px;--awb-bg-size:cover;--awb-width-large:50%;--awb-margin-top-large:0px;--awb-spacing-right-large:3.84%;--awb-margin-bottom-large:0px;--awb-spacing-left-large:3.84%;--awb-width-medium:50%;--awb-order-medium:0;--awb-spacing-right-medium:3.84%;--awb-spacing-left-medium:3.84%;--awb-width-small:100%;--awb-order-small:0;--awb-spacing-right-small:1.92%;--awb-spacing-left-small:1.92%;\" data-scroll-devices=\"small-visibility,medium-visibility,large-visibility\"><div class=\"fusion-column-wrapper fusion-column-has-shadow fusion-flex-justify-content-flex-start fusion-content-layout-column\"><div class=\"fusion-text fusion-text-1\" style=\"--awb-font-size:var(--awb-typography2-font-size);--awb-line-height:var(--awb-typography2-line-height);--awb-letter-spacing:var(--awb-typography2-letter-spacing);--awb-text-transform:var(--awb-typography2-text-transform);--awb-text-font-family:var(--awb-typography2-font-family);--awb-text-font-weight:var(--awb-typography2-font-weight);--awb-text-font-style:var(--awb-typography2-font-style);\"><p>Recibir\u00e1 un sitio web totalmente funcional en un plazo de 48 horas tras el pago y la configuraci\u00f3n del registro DNS para su dominio.<\/p>\n<\/div><div class=\"fusion-separator\" style=\"align-self: flex-start;margin-right:auto;margin-top:10px;width:100%;max-width:100px;\"><div class=\"fusion-separator-border sep-single sep-dotted\" style=\"--awb-height:20px;--awb-amount:20px;--awb-sep-color:var(--awb-color4);border-color:var(--awb-color4);border-top-width:1px;\"><\/div><\/div><\/div><\/div><\/div><\/div><div class=\"fusion-fullwidth fullwidth-box fusion-builder-row-2 fusion-flex-container has-pattern-background has-mask-background nonhundred-percent-fullwidth non-hundred-percent-height-scrolling\" style=\"--awb-border-radius-top-left:0px;--awb-border-radius-top-right:0px;--awb-border-radius-bottom-right:0px;--awb-border-radius-bottom-left:0px;--awb-margin-top:0px;--awb-margin-bottom:60px;--awb-flex-wrap:wrap;\" ><div class=\"fusion-builder-row fusion-row fusion-flex-align-items-flex-start fusion-flex-content-wrap\" style=\"max-width:1372.8px;margin-left: calc(-4% \/ 2 );margin-right: calc(-4% \/ 2 );\"><div class=\"fusion-layout-column fusion_builder_column fusion-builder-column-2 fusion_builder_column_1_1 1_1 fusion-flex-column\" style=\"--awb-bg-size:cover;--awb-width-large:100%;--awb-margin-top-large:0px;--awb-spacing-right-large:1.92%;--awb-margin-bottom-large:0px;--awb-spacing-left-large:1.92%;--awb-width-medium:100%;--awb-order-medium:0;--awb-spacing-right-medium:1.92%;--awb-spacing-left-medium:1.92%;--awb-width-small:100%;--awb-order-small:0;--awb-spacing-right-small:1.92%;--awb-spacing-left-small:1.92%;\"><div class=\"fusion-column-wrapper fusion-column-has-shadow fusion-flex-justify-content-flex-start fusion-content-layout-column\"><div class=\"fusion-title title fusion-title-2 fusion-sep-none fusion-title-center fusion-title-text fusion-title-size-four\" style=\"--awb-margin-top:20px;\"><h4 class=\"fusion-title-heading title-heading-center\" style=\"margin:0;text-transform:none;\">El paquete b\u00e1sico de creaci\u00f3n e instalaci\u00f3n de sitios web incluye:<\/h4><\/div><div class=\"fusion-text fusion-text-2\"><p>\u00bb Consulta sobre la configuraci\u00f3n de los registros DNS en el panel de control de su dominio;<br \/>\n\u00bb Registro del nombre de dominio en el servidor (tambi\u00e9n podemos comprar y registrar el nombre de dominio para usted si lo desea);<br \/>\n\u00bb Instalaci\u00f3n de la CMS de WordPress en el idioma especificado en el servidor;<br \/>\n\u00bb Registro de hasta 5 cuentas de correo electr\u00f3nico con el nombre de su sitio web, como info@tusitio.com;<br \/>\n\u00bb 5 GB de espacio en el servidor gratuito durante el primer a\u00f1o (ahorro de 50 \u20ac);<br \/>\n\u00bb Instalaci\u00f3n de un Certificado SSL en el sitio web (ahorro de $20\/a\u00f1o) para una conexi\u00f3n segura con el servidor;<br \/>\n\u00bb Instalaci\u00f3n del tema de WordPress Avada con una licencia de por vida (ahorro de $69) y 120 plantillas preinstaladas para un dise\u00f1o profesional del sitio web que cumpla con todos los requisitos modernos de los motores de b\u00fasqueda, con actualizaciones gratuitas a las nuevas versiones de WordPress;<br \/>\n\u00bb Acceso gratuito (ahorro de al menos $50) a la base de datos de im\u00e1genes de store24h7.com para su uso en las p\u00e1ginas del sitio web;<br \/>\n\u00bb Instalaci\u00f3n del plugin WPML con licencia (ahorro de 99 \u20ac\/a\u00f1o). WPML es un plugin multiling\u00fce profesional con una licencia de por vida para crear diferentes versiones ling\u00fc\u00edsticas del sitio web o tienda en l\u00ednea (si es necesario);<br \/>\n\u00bb Instalaci\u00f3n de WooCommerce (para tiendas en l\u00ednea &#8211; opcional) en el sitio web;<br \/>\n\u00bb Cambio de la paleta de colores del sitio web para que coincida con el estilo corporativo del cliente;<br \/>\n\u00bb Relleno de contenido para hasta 5 p\u00e1ginas con texto e im\u00e1genes;<br \/>\n\u00bb Instalaci\u00f3n y activaci\u00f3n de los c\u00f3digos de acceso de Google Maps;<br \/>\n\u00bb Instalaci\u00f3n y activaci\u00f3n de los c\u00f3digos de acceso de Google ReCaptcha para formularios de contacto;<br \/>\n\u00bb Capacidad para agregar un n\u00famero ilimitado de p\u00e1ginas;<br \/>\n\u00bb Configuraci\u00f3n de un men\u00fa multinivel;<br \/>\n\u00bb Instalaci\u00f3n de formularios de contacto;<br \/>\n\u00bb Instalaci\u00f3n de la plantilla de galer\u00eda de fotos;<br \/>\n\u00bb Instalaci\u00f3n de la plantilla de galer\u00eda de videos;<br \/>\n\u00bb Instalaci\u00f3n de la plantilla de slider para la p\u00e1gina de inicio;<br \/>\n\u00bb Introducci\u00f3n de todos los datos de la empresa del cliente en el sitio web;<br \/>\n\u00bb Para tiendas en l\u00ednea &#8211; conexi\u00f3n y configuraci\u00f3n de sistemas de pago para aceptar pagos de clientes dentro de los 3 d\u00edas posteriores a la instalaci\u00f3n del sitio web;<br \/>\n\u00bb Plugin ADA (obligatorio para empresas que trabajan con clientes en EE. UU.);<br \/>\n\u00bb Plugin GDPR (obligatorio para empresas que trabajan con clientes en la UE);<br \/>\n\u00bb Instalaci\u00f3n y activaci\u00f3n del plugin All in One SEO para una mayor optimizaci\u00f3n independiente del sitio y promoci\u00f3n en motores de b\u00fasqueda;<br \/>\n\u00bb Instalaci\u00f3n de elementos activos de generaci\u00f3n de leads en el sitio web;<br \/>\n\u00bb Un a\u00f1o de alojamiento gratuito;<br \/>\n\u00bb Versi\u00f3n m\u00f3vil completamente receptiva del sitio web para todos los dispositivos m\u00f3viles (iOS, Android);<br \/>\n\u00bb Optimizaci\u00f3n b\u00e1sica de la velocidad del sitio web (mejora del rendimiento del sitio web para mejores clasificaciones en motores de b\u00fasqueda y experiencia del usuario);<br \/>\n\u00bb Integraci\u00f3n con redes sociales (configuraci\u00f3n de botones y widgets para Facebook, Instagram, Twitter y otras redes sociales);<br \/>\n\u00bb Soporte y mantenimiento (1 mes de soporte t\u00e9cnico y asesoramiento gratuito);<br \/>\n\u00bb Anal\u00edtica b\u00e1sica (instalaci\u00f3n de un plugin para Google Analytics para rastrear el tr\u00e1fico y el comportamiento de los usuarios en el sitio);<br \/>\n\u00bb Instalaci\u00f3n y configuraci\u00f3n de una p\u00e1gina de blog (para publicar noticias, art\u00edculos y contenido para la promoci\u00f3n SEO);<br \/>\n\u00bb Acceso completo de administrador al panel de control del sitio;<br \/>\n\u00bb Documentaci\u00f3n t\u00e9cnica detallada (tutoriales en video y texto) para la edici\u00f3n y adici\u00f3n de contenido de forma independiente en ingl\u00e9s.<\/p>\n<\/div><div class=\"fusion-text fusion-text-3\"><blockquote>\n<p>Ofrecemos m\u00e1s de 100 opciones de dise\u00f1o para diferentes tipos de sitios web: desde un sitio de una p\u00e1gina para un aut\u00f3nomo o influencer hasta un portal corporativo de varias p\u00e1ginas, as\u00ed como m\u00e1s de 20 opciones de dise\u00f1o para tiendas online.<br \/>\nY \u00a1seguro! &#8211; \u00a1Est\u00e1 incluido en la tarifa de instalaci\u00f3n de 500 \u20ac!<\/p>\n<\/blockquote>\n<\/div><\/div><\/div><\/div><\/div><div class=\"fusion-fullwidth fullwidth-box fusion-builder-row-3 fusion-flex-container has-pattern-background has-mask-background hundred-percent-fullwidth non-hundred-percent-height-scrolling\" style=\"--awb-border-radius-top-left:0px;--awb-border-radius-top-right:0px;--awb-border-radius-bottom-right:0px;--awb-border-radius-bottom-left:0px;--awb-padding-right:0px;--awb-padding-left:0px;--awb-flex-wrap:wrap;\" ><div class=\"fusion-builder-row fusion-row fusion-flex-align-items-flex-start fusion-flex-content-wrap\" style=\"width:104% !important;max-width:104% !important;margin-left: calc(-4% \/ 2 );margin-right: calc(-4% \/ 2 );\"><div class=\"fusion-layout-column fusion_builder_column fusion-builder-column-3 fusion_builder_column_1_1 1_1 fusion-flex-column\" style=\"--awb-bg-size:cover;--awb-width-large:100%;--awb-margin-top-large:0px;--awb-spacing-right-large:1.92%;--awb-margin-bottom-large:20px;--awb-spacing-left-large:1.92%;--awb-width-medium:100%;--awb-order-medium:0;--awb-spacing-right-medium:1.92%;--awb-spacing-left-medium:1.92%;--awb-width-small:100%;--awb-order-small:0;--awb-spacing-right-small:1.92%;--awb-spacing-left-small:1.92%;\" data-scroll-devices=\"small-visibility,medium-visibility,large-visibility\"><div class=\"fusion-column-wrapper fusion-column-has-shadow fusion-flex-justify-content-flex-start fusion-content-layout-column\"><div class=\"fusion-image-element \" style=\"--awb-margin-right:0px;--awb-margin-left:0px;--awb-caption-title-font-family:var(--h2_typography-font-family);--awb-caption-title-font-weight:var(--h2_typography-font-weight);--awb-caption-title-font-style:var(--h2_typography-font-style);--awb-caption-title-size:var(--h2_typography-font-size);--awb-caption-title-transform:var(--h2_typography-text-transform);--awb-caption-title-line-height:var(--h2_typography-line-height);--awb-caption-title-letter-spacing:var(--h2_typography-letter-spacing);\"><span class=\" fusion-imageframe imageframe-none imageframe-1 hover-type-none\"><a class=\"fusion-no-lightbox\" href=\"\/es\/contacto\/\" target=\"_self\" aria-label=\"start\"><img decoding=\"async\" width=\"1900\" height=\"457\" alt=\"Start!\" src=\"https:\/\/ai24h7.com\/wp-content\/uploads\/2024\/07\/start.webp\" data-orig-src=\"https:\/\/ai24h7.com\/wp-content\/uploads\/2024\/07\/start.webp\" class=\"lazyload img-responsive wp-image-6203\" srcset=\"data:image\/svg+xml,%3Csvg%20xmlns%3D%27http%3A%2F%2Fwww.w3.org%2F2000%2Fsvg%27%20width%3D%271900%27%20height%3D%27457%27%20viewBox%3D%270%200%201900%20457%27%3E%3Crect%20width%3D%271900%27%20height%3D%27457%27%20fill-opacity%3D%220%22%2F%3E%3C%2Fsvg%3E\" data-srcset=\"https:\/\/ai24h7.com\/wp-content\/uploads\/2024\/07\/start-200x48.webp 200w, https:\/\/ai24h7.com\/wp-content\/uploads\/2024\/07\/start-300x72.webp 300w, https:\/\/ai24h7.com\/wp-content\/uploads\/2024\/07\/start-400x96.webp 400w, https:\/\/ai24h7.com\/wp-content\/uploads\/2024\/07\/start-600x144.webp 600w, https:\/\/ai24h7.com\/wp-content\/uploads\/2024\/07\/start-768x185.webp 768w, https:\/\/ai24h7.com\/wp-content\/uploads\/2024\/07\/start-800x192.webp 800w, https:\/\/ai24h7.com\/wp-content\/uploads\/2024\/07\/start-1024x246.webp 1024w, https:\/\/ai24h7.com\/wp-content\/uploads\/2024\/07\/start-1200x289.webp 1200w, https:\/\/ai24h7.com\/wp-content\/uploads\/2024\/07\/start-1536x369.webp 1536w, https:\/\/ai24h7.com\/wp-content\/uploads\/2024\/07\/start.webp 1900w\" data-sizes=\"auto\" data-orig-sizes=\"(max-width: 850px) 100vw, 1900px\" \/><\/a><\/span><\/div><\/div><\/div><\/div><\/div><\/p>\n","protected":false},"excerpt":{"rendered":"","protected":false},"author":3,"featured_media":6178,"parent":0,"menu_order":0,"comment_status":"closed","ping_status":"closed","template":"100-width.php","meta":{"footnotes":""},"class_list":["post-6236","page","type-page","status-publish","has-post-thumbnail","hentry"],"_links":{"self":[{"href":"https:\/\/ai24h7.com\/es\/wp-json\/wp\/v2\/pages\/6236","targetHints":{"allow":["GET"]}}],"collection":[{"href":"https:\/\/ai24h7.com\/es\/wp-json\/wp\/v2\/pages"}],"about":[{"href":"https:\/\/ai24h7.com\/es\/wp-json\/wp\/v2\/types\/page"}],"author":[{"embeddable":true,"href":"https:\/\/ai24h7.com\/es\/wp-json\/wp\/v2\/users\/3"}],"replies":[{"embeddable":true,"href":"https:\/\/ai24h7.com\/es\/wp-json\/wp\/v2\/comments?post=6236"}],"version-history":[{"count":4,"href":"https:\/\/ai24h7.com\/es\/wp-json\/wp\/v2\/pages\/6236\/revisions"}],"predecessor-version":[{"id":6240,"href":"https:\/\/ai24h7.com\/es\/wp-json\/wp\/v2\/pages\/6236\/revisions\/6240"}],"wp:featuredmedia":[{"embeddable":true,"href":"https:\/\/ai24h7.com\/es\/wp-json\/wp\/v2\/media\/6178"}],"wp:attachment":[{"href":"https:\/\/ai24h7.com\/es\/wp-json\/wp\/v2\/media?parent=6236"}],"curies":[{"name":"wp","href":"https:\/\/api.w.org\/{rel}","templated":true}]}}