{"id":6244,"date":"2024-07-12T13:59:41","date_gmt":"2024-07-12T10:59:41","guid":{"rendered":"https:\/\/ai24h7.com\/?page_id=6244"},"modified":"2024-07-13T16:10:41","modified_gmt":"2024-07-13T13:10:41","slug":"website-installation-in-48-hours","status":"publish","type":"page","link":"https:\/\/ai24h7.com\/de\/website-installation-in-48-hours\/","title":{"rendered":"Installation der Website innerhalb von 48 Stunden"},"content":{"rendered":"<p><div class=\"fusion-fullwidth fullwidth-box fusion-builder-row-1 fusion-flex-container has-pattern-background has-mask-background nonhundred-percent-fullwidth non-hundred-percent-height-scrolling\" style=\"--awb-border-radius-top-left:0px;--awb-border-radius-top-right:0px;--awb-border-radius-bottom-right:0px;--awb-border-radius-bottom-left:0px;--awb-margin-top:10px;--awb-flex-wrap:wrap;\" ><div class=\"fusion-builder-row fusion-row fusion-flex-align-items-flex-start fusion-flex-content-wrap\" style=\"max-width:1372.8px;margin-left: calc(-4% \/ 2 );margin-right: calc(-4% \/ 2 );\"><div class=\"fusion-layout-column fusion_builder_column fusion-builder-column-0 fusion_builder_column_1_2 1_2 fusion-flex-column\" style=\"--awb-bg-size:cover;--awb-width-large:50%;--awb-margin-top-large:0px;--awb-spacing-right-large:3.84%;--awb-margin-bottom-large:0px;--awb-spacing-left-large:3.84%;--awb-width-medium:50%;--awb-order-medium:0;--awb-spacing-right-medium:3.84%;--awb-spacing-left-medium:3.84%;--awb-width-small:100%;--awb-order-small:0;--awb-spacing-right-small:1.92%;--awb-spacing-left-small:1.92%;\"><div class=\"fusion-column-wrapper fusion-column-has-shadow fusion-flex-justify-content-flex-start fusion-content-layout-column\"><div class=\"fusion-title title fusion-title-1 fusion-sep-none fusion-title-text fusion-title-size-two\" style=\"--awb-margin-top:0px;\"><h2 class=\"fusion-title-heading title-heading-left\" style=\"margin:0;text-transform:none;\">Installation in 48 Stunden:<br \/>\n500 \u20ac &#8211; Was ist inbegriffen?<\/h2><\/div><\/div><\/div><div class=\"fusion-layout-column fusion_builder_column fusion-builder-column-1 fusion_builder_column_1_2 1_2 fusion-flex-column\" style=\"--awb-padding-top:10px;--awb-padding-right:60px;--awb-padding-top-small:40px;--awb-bg-size:cover;--awb-width-large:50%;--awb-margin-top-large:0px;--awb-spacing-right-large:3.84%;--awb-margin-bottom-large:0px;--awb-spacing-left-large:3.84%;--awb-width-medium:50%;--awb-order-medium:0;--awb-spacing-right-medium:3.84%;--awb-spacing-left-medium:3.84%;--awb-width-small:100%;--awb-order-small:0;--awb-spacing-right-small:1.92%;--awb-spacing-left-small:1.92%;\" data-scroll-devices=\"small-visibility,medium-visibility,large-visibility\"><div class=\"fusion-column-wrapper fusion-column-has-shadow fusion-flex-justify-content-flex-start fusion-content-layout-column\"><div class=\"fusion-text fusion-text-1\" style=\"--awb-font-size:var(--awb-typography2-font-size);--awb-line-height:var(--awb-typography2-line-height);--awb-letter-spacing:var(--awb-typography2-letter-spacing);--awb-text-transform:var(--awb-typography2-text-transform);--awb-text-font-family:var(--awb-typography2-font-family);--awb-text-font-weight:var(--awb-typography2-font-weight);--awb-text-font-style:var(--awb-typography2-font-style);\"><p>Sie erhalten eine voll funktionsf\u00e4hige Website innerhalb von 48 Stunden nach Zahlung und Einrichtung des DNS-Eintrags f\u00fcr Ihre Domain.<\/p>\n<\/div><div class=\"fusion-separator\" style=\"align-self: flex-start;margin-right:auto;margin-top:10px;width:100%;max-width:100px;\"><div class=\"fusion-separator-border sep-single sep-dotted\" style=\"--awb-height:20px;--awb-amount:20px;--awb-sep-color:var(--awb-color4);border-color:var(--awb-color4);border-top-width:1px;\"><\/div><\/div><\/div><\/div><\/div><\/div><div class=\"fusion-fullwidth fullwidth-box fusion-builder-row-2 fusion-flex-container has-pattern-background has-mask-background nonhundred-percent-fullwidth non-hundred-percent-height-scrolling\" style=\"--awb-border-radius-top-left:0px;--awb-border-radius-top-right:0px;--awb-border-radius-bottom-right:0px;--awb-border-radius-bottom-left:0px;--awb-margin-top:80px;--awb-margin-bottom:60px;--awb-flex-wrap:wrap;\" ><div class=\"fusion-builder-row fusion-row fusion-flex-align-items-flex-start fusion-flex-content-wrap\" style=\"max-width:1372.8px;margin-left: calc(-4% \/ 2 );margin-right: calc(-4% \/ 2 );\"><div class=\"fusion-layout-column fusion_builder_column fusion-builder-column-2 fusion_builder_column_1_1 1_1 fusion-flex-column\" style=\"--awb-bg-size:cover;--awb-width-large:100%;--awb-margin-top-large:0px;--awb-spacing-right-large:1.92%;--awb-margin-bottom-large:0px;--awb-spacing-left-large:1.92%;--awb-width-medium:100%;--awb-order-medium:0;--awb-spacing-right-medium:1.92%;--awb-spacing-left-medium:1.92%;--awb-width-small:100%;--awb-order-small:0;--awb-spacing-right-small:1.92%;--awb-spacing-left-small:1.92%;\"><div class=\"fusion-column-wrapper fusion-column-has-shadow fusion-flex-justify-content-flex-start fusion-content-layout-column\"><div class=\"fusion-title title fusion-title-2 fusion-sep-none fusion-title-center fusion-title-text fusion-title-size-four\" style=\"--awb-margin-top:20px;\"><h4 class=\"fusion-title-heading title-heading-center\" style=\"margin:0;text-transform:none;\">Das Basispaket f\u00fcr die Erstellung und Einrichtung einer Website umfasst:<\/h4><\/div><div class=\"fusion-text fusion-text-2\"><p>\u00bb Beratung bei der Einrichtung der DNS-Eintr\u00e4ge in Ihrem Domain Control Panel;<br \/>\n\u00bb Domainregistrierung auf dem Server (auf Wunsch k\u00f6nnen wir den Domainnamen auch f\u00fcr Sie kaufen und registrieren);<br \/>\n\u00bb Installation des WordPress CMS in der gew\u00fcnschten Sprache auf dem Server;<br \/>\n\u00bb Registrierung von bis zu 5 E-Mail-Konten mit dem Namen Ihrer Website, z.B. info@ihrewebsite.com;<br \/>\n\u00bb 5 GB kostenloser Serverplatz f\u00fcr das erste Jahr (Ersparnis 50 \u20ac);<br \/>\n\u00bb Installation eines SSL-Zertifikats auf der Website (Ersparnis 20 \u20ac\/Jahr) f\u00fcr eine sichere Verbindung zum Server;<br \/>\n\u00bb Installation des Avada WordPress-Themes mit lebenslanger Lizenz (Ersparnis 69 \u20ac) und 120 vorinstallierten Vorlagen f\u00fcr professionelles Webdesign, das alle modernen Anforderungen von Suchmaschinen erf\u00fcllt, mit kostenlosen Updates auf neue WordPress-Versionen;<br \/>\n\u00bb Kostenloser Zugang (Ersparnis mind. 50 \u20ac) zur Bilddatenbank von store24h7.com zur Verwendung auf Webseiten;<br \/>\n\u00bb Installation des lizenzierten WPML-Plugins (Ersparnis 99 \u20ac\/Jahr). WPML ist ein professionelles mehrsprachiges Plugin mit lebenslanger Lizenz zur Erstellung verschiedener Sprachversionen der Website oder des Online-Shops (falls erforderlich);<br \/>\n\u00bb Installation von WooCommerce (f\u00fcr Online-Shops &#8211; optional) auf der Website;<br \/>\n\u00bb Anpassung der Farbpalette der Website an das Corporate Design des Kunden;<br \/>\n\u00bb Contenterstellung f\u00fcr bis zu 5 Seiten mit Text und Bildern;<br \/>\n\u00bb Installation und Aktivierung der Google Maps Zugangsdaten<br \/>\n\u00bb Installation und Aktivierung der Google ReCaptcha Zugangscodes f\u00fcr die Kontaktformulare;<br \/>\n\u00bb M\u00f6glichkeit, eine unbegrenzte Anzahl von Seiten hinzuzuf\u00fcgen<br \/>\n\u00bb Installation eines mehrstufigen Men\u00fcs<br \/>\n\u00bb Installation eines Kontaktformulars<br \/>\n\u00bb Installation einer Fotogalerie-Vorlage<br \/>\n\u00bb Installation einer Videogalerie-Vorlage<br \/>\n\u00bb Installation einer Slider-Vorlage f\u00fcr die Startseite<br \/>\n\u00bb Eingabe aller Firmendaten des Kunden auf der Website;<br \/>\n\u00bb Bei Online-Shops &#8211; Anbindung und Einrichtung von Zahlungssystemen zur Annahme von Kundenzahlungen innerhalb von 3 Tagen<\/p>\n<\/div><div class=\"fusion-text fusion-text-3\"><blockquote>\n<p>Wir bieten \u00fcber 100 Designoptionen f\u00fcr verschiedene Arten von Websites &#8211; von einer einseitigen Website f\u00fcr einen Freelancer oder Influencer bis hin zu einem mehrseitigen Unternehmensportal sowie \u00fcber 20 Designoptionen f\u00fcr Online-Shops.<br \/>\nUnd keine Sorge! &#8211; Alles ist in der Einrichtungsgeb\u00fchr von 500 \u20ac enthalten!<\/p>\n<\/blockquote>\n<\/div><\/div><\/div><\/div><\/div><div class=\"fusion-fullwidth fullwidth-box fusion-builder-row-3 fusion-flex-container has-pattern-background has-mask-background hundred-percent-fullwidth non-hundred-percent-height-scrolling\" style=\"--awb-border-radius-top-left:0px;--awb-border-radius-top-right:0px;--awb-border-radius-bottom-right:0px;--awb-border-radius-bottom-left:0px;--awb-padding-right:0px;--awb-padding-left:0px;--awb-flex-wrap:wrap;\" ><div class=\"fusion-builder-row fusion-row fusion-flex-align-items-flex-start fusion-flex-content-wrap\" style=\"width:104% !important;max-width:104% !important;margin-left: calc(-4% \/ 2 );margin-right: calc(-4% \/ 2 );\"><div class=\"fusion-layout-column fusion_builder_column fusion-builder-column-3 fusion_builder_column_1_1 1_1 fusion-flex-column\" style=\"--awb-bg-size:cover;--awb-width-large:100%;--awb-margin-top-large:0px;--awb-spacing-right-large:1.92%;--awb-margin-bottom-large:20px;--awb-spacing-left-large:1.92%;--awb-width-medium:100%;--awb-order-medium:0;--awb-spacing-right-medium:1.92%;--awb-spacing-left-medium:1.92%;--awb-width-small:100%;--awb-order-small:0;--awb-spacing-right-small:1.92%;--awb-spacing-left-small:1.92%;\" data-scroll-devices=\"small-visibility,medium-visibility,large-visibility\"><div class=\"fusion-column-wrapper fusion-column-has-shadow fusion-flex-justify-content-flex-start fusion-content-layout-column\"><div class=\"fusion-image-element \" style=\"--awb-margin-right:0px;--awb-margin-left:0px;--awb-caption-title-font-family:var(--h2_typography-font-family);--awb-caption-title-font-weight:var(--h2_typography-font-weight);--awb-caption-title-font-style:var(--h2_typography-font-style);--awb-caption-title-size:var(--h2_typography-font-size);--awb-caption-title-transform:var(--h2_typography-text-transform);--awb-caption-title-line-height:var(--h2_typography-line-height);--awb-caption-title-letter-spacing:var(--h2_typography-letter-spacing);\"><span class=\" fusion-imageframe imageframe-none imageframe-1 hover-type-none\"><a class=\"fusion-no-lightbox\" href=\"\/de\/contact-us\/\" target=\"_self\" aria-label=\"start\"><img decoding=\"async\" width=\"1900\" height=\"457\" alt=\"Start!\" src=\"https:\/\/ai24h7.com\/wp-content\/uploads\/2024\/07\/start.webp\" data-orig-src=\"https:\/\/ai24h7.com\/wp-content\/uploads\/2024\/07\/start.webp\" class=\"lazyload img-responsive wp-image-6197\" srcset=\"data:image\/svg+xml,%3Csvg%20xmlns%3D%27http%3A%2F%2Fwww.w3.org%2F2000%2Fsvg%27%20width%3D%271900%27%20height%3D%27457%27%20viewBox%3D%270%200%201900%20457%27%3E%3Crect%20width%3D%271900%27%20height%3D%27457%27%20fill-opacity%3D%220%22%2F%3E%3C%2Fsvg%3E\" data-srcset=\"https:\/\/ai24h7.com\/wp-content\/uploads\/2024\/07\/start-200x48.webp 200w, https:\/\/ai24h7.com\/wp-content\/uploads\/2024\/07\/start-300x72.webp 300w, https:\/\/ai24h7.com\/wp-content\/uploads\/2024\/07\/start-400x96.webp 400w, https:\/\/ai24h7.com\/wp-content\/uploads\/2024\/07\/start-600x144.webp 600w, https:\/\/ai24h7.com\/wp-content\/uploads\/2024\/07\/start-768x185.webp 768w, https:\/\/ai24h7.com\/wp-content\/uploads\/2024\/07\/start-800x192.webp 800w, https:\/\/ai24h7.com\/wp-content\/uploads\/2024\/07\/start-1024x246.webp 1024w, https:\/\/ai24h7.com\/wp-content\/uploads\/2024\/07\/start-1200x289.webp 1200w, https:\/\/ai24h7.com\/wp-content\/uploads\/2024\/07\/start-1536x369.webp 1536w, https:\/\/ai24h7.com\/wp-content\/uploads\/2024\/07\/start.webp 1900w\" data-sizes=\"auto\" data-orig-sizes=\"(max-width: 850px) 100vw, 1900px\" \/><\/a><\/span><\/div><\/div><\/div><\/div><\/div><\/p>\n","protected":false},"excerpt":{"rendered":"","protected":false},"author":3,"featured_media":6172,"parent":0,"menu_order":0,"comment_status":"closed","ping_status":"closed","template":"100-width.php","meta":{"footnotes":""},"class_list":["post-6244","page","type-page","status-publish","has-post-thumbnail","hentry"],"_links":{"self":[{"href":"https:\/\/ai24h7.com\/de\/wp-json\/wp\/v2\/pages\/6244","targetHints":{"allow":["GET"]}}],"collection":[{"href":"https:\/\/ai24h7.com\/de\/wp-json\/wp\/v2\/pages"}],"about":[{"href":"https:\/\/ai24h7.com\/de\/wp-json\/wp\/v2\/types\/page"}],"author":[{"embeddable":true,"href":"https:\/\/ai24h7.com\/de\/wp-json\/wp\/v2\/users\/3"}],"replies":[{"embeddable":true,"href":"https:\/\/ai24h7.com\/de\/wp-json\/wp\/v2\/comments?post=6244"}],"version-history":[{"count":2,"href":"https:\/\/ai24h7.com\/de\/wp-json\/wp\/v2\/pages\/6244\/revisions"}],"predecessor-version":[{"id":6246,"href":"https:\/\/ai24h7.com\/de\/wp-json\/wp\/v2\/pages\/6244\/revisions\/6246"}],"wp:featuredmedia":[{"embeddable":true,"href":"https:\/\/ai24h7.com\/de\/wp-json\/wp\/v2\/media\/6172"}],"wp:attachment":[{"href":"https:\/\/ai24h7.com\/de\/wp-json\/wp\/v2\/media?parent=6244"}],"curies":[{"name":"wp","href":"https:\/\/api.w.org\/{rel}","templated":true}]}}